{"id":1300,"date":"2024-01-08T16:24:38","date_gmt":"2024-01-08T15:24:38","guid":{"rendered":"http:\/\/laureth-sulfate.com\/?page_id=1300"},"modified":"2026-02-26T13:27:48","modified_gmt":"2026-02-26T12:27:48","slug":"expositions","status":"publish","type":"page","link":"https:\/\/laureth-sulfate.com\/index.php\/expositions\/","title":{"rendered":"Expositions"},"content":{"rendered":"\n<figure class=\"wp-block-image size-large\"><img loading=\"lazy\" decoding=\"async\" width=\"732\" height=\"1024\" src=\"https:\/\/laureth-sulfate.com\/wp-content\/uploads\/2026\/02\/Affiche-Bicentenaire-de-la-photographie-Laureth-sulfate-exposition-732x1024.jpg\" alt=\"\" class=\"wp-image-1842\" srcset=\"https:\/\/laureth-sulfate.com\/wp-content\/uploads\/2026\/02\/Affiche-Bicentenaire-de-la-photographie-Laureth-sulfate-exposition-732x1024.jpg 732w, https:\/\/laureth-sulfate.com\/wp-content\/uploads\/2026\/02\/Affiche-Bicentenaire-de-la-photographie-Laureth-sulfate-exposition-214x300.jpg 214w, https:\/\/laureth-sulfate.com\/wp-content\/uploads\/2026\/02\/Affiche-Bicentenaire-de-la-photographie-Laureth-sulfate-exposition-768x1075.jpg 768w, https:\/\/laureth-sulfate.com\/wp-content\/uploads\/2026\/02\/Affiche-Bicentenaire-de-la-photographie-Laureth-sulfate-exposition-1097x1536.jpg 1097w, https:\/\/laureth-sulfate.com\/wp-content\/uploads\/2026\/02\/Affiche-Bicentenaire-de-la-photographie-Laureth-sulfate-exposition.jpg 1286w\" sizes=\"auto, (max-width: 732px) 100vw, 732px\" \/><\/figure>\n\n\n\n<figure class=\"wp-block-image size-full\"><img loading=\"lazy\" decoding=\"async\" width=\"750\" height=\"501\" src=\"https:\/\/laureth-sulfate.com\/wp-content\/uploads\/2026\/02\/cartonlight_006.webp\" alt=\"\" class=\"wp-image-1811\" srcset=\"https:\/\/laureth-sulfate.com\/wp-content\/uploads\/2026\/02\/cartonlight_006.webp 750w, https:\/\/laureth-sulfate.com\/wp-content\/uploads\/2026\/02\/cartonlight_006-300x200.webp 300w\" sizes=\"auto, (max-width: 706px) 89vw, (max-width: 767px) 82vw, 740px\" \/><\/figure>\n\n\n\n<p><strong> La Petite Galerie Fran\u00e7oise Besson<\/strong><br> Fran\u00e7oise Besson a le plaisir d\u2019accueillir l\u2019atelier Chalopin pour une exposition qui se tiendra \u00e0 la petite galerie rue de Vauzelles du 4 au 28 f\u00e9vrier 2026. <br>Cette exposition, dont le commissariat sera assur\u00e9 par Ruben Garberi, proposera un grand panorama de la collection d&rsquo;estampes s\u00e9rigraphi\u00e9es de l&rsquo;atelier.<\/p>\n\n\n\n<figure class=\"wp-block-image size-large\"><img loading=\"lazy\" decoding=\"async\" width=\"721\" height=\"1024\" src=\"https:\/\/laureth-sulfate.com\/wp-content\/uploads\/2026\/02\/Galerie-Francoise-besson-invitation-Laureth-Sulfate-721x1024.png\" alt=\"\" class=\"wp-image-1833\" srcset=\"https:\/\/laureth-sulfate.com\/wp-content\/uploads\/2026\/02\/Galerie-Francoise-besson-invitation-Laureth-Sulfate-721x1024.png 721w, https:\/\/laureth-sulfate.com\/wp-content\/uploads\/2026\/02\/Galerie-Francoise-besson-invitation-Laureth-Sulfate-211x300.png 211w, https:\/\/laureth-sulfate.com\/wp-content\/uploads\/2026\/02\/Galerie-Francoise-besson-invitation-Laureth-Sulfate-768x1090.png 768w, https:\/\/laureth-sulfate.com\/wp-content\/uploads\/2026\/02\/Galerie-Francoise-besson-invitation-Laureth-Sulfate-1082x1536.png 1082w, https:\/\/laureth-sulfate.com\/wp-content\/uploads\/2026\/02\/Galerie-Francoise-besson-invitation-Laureth-Sulfate.png 1409w\" sizes=\"auto, (max-width: 721px) 100vw, 721px\" \/><\/figure>\n\n\n\n<figure class=\"wp-block-gallery has-nested-images columns-default is-cropped wp-block-gallery-1 is-layout-flex wp-block-gallery-is-layout-flex\">\n<figure class=\"wp-block-image size-large\"><img loading=\"lazy\" decoding=\"async\" width=\"822\" height=\"1024\" data-id=\"1296\" src=\"https:\/\/laureth-sulfate.com\/wp-content\/uploads\/2023\/12\/macdelyon-laureth-sulfate-822x1024.jpg\" alt=\"\" class=\"wp-image-1296\" srcset=\"https:\/\/laureth-sulfate.com\/wp-content\/uploads\/2023\/12\/macdelyon-laureth-sulfate-822x1024.jpg 822w, https:\/\/laureth-sulfate.com\/wp-content\/uploads\/2023\/12\/macdelyon-laureth-sulfate-241x300.jpg 241w, https:\/\/laureth-sulfate.com\/wp-content\/uploads\/2023\/12\/macdelyon-laureth-sulfate-768x957.jpg 768w, https:\/\/laureth-sulfate.com\/wp-content\/uploads\/2023\/12\/macdelyon-laureth-sulfate.jpg 956w\" sizes=\"auto, (max-width: 767px) 89vw, (max-width: 1000px) 54vw, (max-width: 1071px) 543px, 580px\" \/><figcaption class=\"wp-element-caption\">Exposition M\u00e9tonomia, Laureth Sulfate, Installation dans les b\u00e2timents du Mac de Lyon,  2023<\/figcaption><\/figure>\n\n\n\n<figure class=\"wp-block-image size-large\"><img loading=\"lazy\" decoding=\"async\" width=\"724\" height=\"1024\" data-id=\"1556\" src=\"https:\/\/laureth-sulfate.com\/wp-content\/uploads\/2025\/02\/affiche-compressee-Laureth-Sulfate-1-1-724x1024.jpg\" alt=\"\" class=\"wp-image-1556\" srcset=\"https:\/\/laureth-sulfate.com\/wp-content\/uploads\/2025\/02\/affiche-compressee-Laureth-Sulfate-1-1-724x1024.jpg 724w, https:\/\/laureth-sulfate.com\/wp-content\/uploads\/2025\/02\/affiche-compressee-Laureth-Sulfate-1-1-212x300.jpg 212w, https:\/\/laureth-sulfate.com\/wp-content\/uploads\/2025\/02\/affiche-compressee-Laureth-Sulfate-1-1-768x1087.jpg 768w, https:\/\/laureth-sulfate.com\/wp-content\/uploads\/2025\/02\/affiche-compressee-Laureth-Sulfate-1-1.jpg 800w\" sizes=\"auto, (max-width: 724px) 100vw, 724px\" \/><\/figure>\n<\/figure>\n\n\n\n<figure class=\"wp-block-table\"><table><tbody><tr><td>Depuis 2018<\/td><\/tr><\/tbody><\/table><\/figure>\n\n\n\n<figure class=\"wp-block-table\"><table><tbody><tr><td><strong>2026<\/strong> Bicentenaire de la photographie \u00e0 Epina<em>,  bicentenaire de la photographie 2026 \u00e0 d\u2019Epinal (88).<\/em><br><strong>2026<\/strong>  Exposition collective Unique Multiple, Petite Galerie Fran\u00e7oise Besson &#8211; Lyon (69)<br><strong>2025 <\/strong>&#8211; Exposition Ainsi soient-elles &#8211; Petite Galerie Fran\u00e7oise Besson &#8211; Lyon (69)<br><strong>2025 <\/strong>&#8211; Exposition Jeu de Dames &#8211; Galerie Holly street galerie &#8211; Lyon (69)<br><strong>2025 <\/strong>&#8211; Exposition Ainsi soient-elles &#8211; Centre d&rsquo;art Jean Prouv\u00e9 &#8211; Issoire (63)<br>19, rue du Palais Issoire 63500. Auvergne-Rh\u00f4ne-Alpes France.<br><strong>2024 <\/strong>Festival <em>160 000 ENFANTS<\/em>\u00a0\u00e0\u00a0COMMUNALE\u00a0(St Ouen) <br><strong>2023\u00a0 <\/strong><em>Lug-du-NUm<\/em><strong>, <\/strong>Exposition collective<strong>, <\/strong><em>Les arts num\u00e9riques sur le devant <\/em><br><em>de la sc\u00e8ne, Chapelle Saint-Charles, Mornant<\/em><br><strong>2023<\/strong><em>LoVe<\/em>. Atelier 525 , Charlieu <br><strong>2023 <em>\u00a0<\/em><\/strong><em>Dove Idol. <\/em>La com\u00e9die Od\u00e9on, Lyon <br><strong>2023<\/strong>, <em>M\u00e9tonomia<\/em>, Installation dans les b\u00e2timents du Mac de Lyon<br><strong>2022\u00a0 <\/strong><em>Fais-moi r\u00eaver. <\/em>La Fabriques des colombes, Sainte-Colombe-sur-Gand <br><strong>2021<\/strong> <em>No\u00ebl , <\/em>exposition La P\u00e9niche la Passag\u00e8re, Lyon <br><strong>2021 \u00a0<\/strong><em>Pub Art Music,<\/em> PAM, Saint-Etienne <br><strong>2021 <\/strong>\u00a0<em>Triptyque<\/em> (exposition collective), Atelier Augusta, Lyon <br><strong>2020 \u00a0<\/strong><em>Allegoria<\/em>, Galerie La tour de Guet, Tresques (30) <br><strong>2019 <em>\u00a0<\/em><\/strong><em>Par-del\u00e0 le rectangle<\/em>, Agence Espace-Rh\u00f4ne, Lyon <br><strong>2019 \u00a0<\/strong>Vela Pandere. Arcanne Architecture, Peyremale (30) <br><strong>2018 \u00a0<\/strong><em>Hiatus<\/em>, Agency Ten Years After, Lyon <br><br><strong>ART VID\u00c9O \/ ART NUM\u00c9RIQUE \/ ANIMATION 2D<\/strong><br> <strong>\u00a0<\/strong><br><strong>2025 <\/strong>&#8211; F\u00eate des lumi\u00e8res Lyon &#8211; Mapping vid\u00e9o Lyon 4<br><strong>2023 <\/strong><em>Le bal des abeilles, fresque monumentale, Issoire<\/em><br><strong>2021 <\/strong><em>The Truth Coming out of the Well<\/em>, 50s, <em>Dance in the Dark<\/em>, 2mn33, <em>The Dancer<\/em>, , <em>The Sirens Smiling at You<\/em>, <br><strong>2020 <\/strong><em>La berceuse d\u2019illusion<\/em>, 13mn, <em>Allegoria<\/em>, <br><strong>2019 \u00a0<\/strong><em>Metonomia<\/em>, 4mn15, <em>Ombres<\/em>, avec Djtal Humain, <br><br><strong>PERFORMANCES R\u00c9CENTES<\/strong><br> <strong>\u00a0<\/strong><br><strong>2023 <\/strong><em>Le grand incident. F\u00eate du livre de Saint-Etienne<br><\/em>R\u00e9alisation film et performance d&rsquo;apr\u00e8s la bande dessin\u00e9e \u00a0\u00bb Le grand incident \u00a0\u00bb <br>de Zelba, Co\u00e9dition Futuropolis \/ Mus\u00e9e du Louvre \u00c9ditions (Ao\u00fbt 2023) <br>Libre adaptation pour \u00a0\u00bb Les mots en sc\u00e8ne \u00a0\u00bb F\u00eate du livre de Saint-\u00c9tienne <br><strong>2021\u00a0 <\/strong><em>Les masques<\/em>, avec Nathalie Margerit, Lyon<br><strong>2020\u00a0 <\/strong><em>All\u00e9goria<\/em>, avec David Bartolomeo, Montmelas-Saint-Sorlin (69)<br> La m\u00e9tamorphose, Lyon<br> <em>Hommage<\/em>, avec M\u00f6 de Lanf\u00e9, Centre commercial Leclerc, Beynost (01)<br><strong>2019 \u00a0<\/strong><em>F\u00e9erie<\/em>, Peyremale (30)<br> <em>Par-del\u00e0 le rectangle<\/em>, (exposition collective), avec G\u00e9raldine Berger<br> et M\u00f6 de Lanf\u00e9, Lyon<br><strong>2018\u00a0 <\/strong><em>Mettre les voiles<\/em>, Centre Pompidou, Paris<br><strong>2017\u00a0 <\/strong><em>Sous la burqa<\/em>, avec Nathalie Margerit, Lyon<br> \u00a0 <br><strong>CRITIQUE ET PARUTIONS<\/strong><br><br><strong>2023<br><\/strong>\u00ab<em>Les corona Girls<\/em>\u00bb aux hazards des rues, 10 reproductions dans <em>aux hasards des rues<\/em>,\u00a0 Lyon<br><em>\u00ab Mar\u00e9e noire \u00bb, \u00ab La p\u00e9troleuse \u00bb, \u00abLove recycling \u00bb, <\/em>3 reproductions dans <em>Street art <\/em><br><em>against oil and global<\/em>, Londres, <strong>Graffito Book<\/strong><br><strong>2021<\/strong><br> \u00ab <em>Corona Girls <\/em>\u00bb, article de Lee Moran dans <em>Le <strong>Monde international<\/strong><\/em><strong><em>Huffpost<\/em>,<\/strong> <br>13\/03\/2021<br> \u00ab <em>Corona girls<\/em> \u00bb, article de Cindi Adler dans <em>2020 Beyond Word. <\/em><br><em><strong>A street Art Guide to a Breathaking Year<\/strong><\/em>, ed. Cindi Adler<br><strong>2020<\/strong><br> \u00ab <em>Je s\u00e8me \u00e0 tout vent<\/em> \u00bb, 1 reproduction dans <em>Street Art in the Time of Corona<\/em> <br>par Xavier Tapies, Londres, <strong>Graffito Book<\/strong>, avec \u00e9d. en anglais, allemand, italien, <br>portugais<br><strong>2017<\/strong><br> \u00ab <em>Incendie<\/em> \u00bb, 1 reproduction dans <em>Catalogue Atelier Chalopin S\u00e9rigraph<\/em>ie, Lyon <br><\/td><\/tr><\/tbody><\/table><\/figure>\n\n\n\n<iframe loading=\"lazy\" src=\"https:\/\/www.facebook.com\/plugins\/video.php?height=314&#038;href=https%3A%2F%2Fwww.facebook.com%2F100057086965036%2Fvideos%2F1363207804323233%2F&#038;show_text=true&#038;width=560&#038;t=0\" width=\"560\" height=\"429\" style=\"border:none;overflow:hidden\" scrolling=\"no\" frameborder=\"0\" allowfullscreen=\"true\" allow=\"autoplay; clipboard-write; encrypted-media; picture-in-picture; web-share\" allowFullScreen=\"true\"><\/iframe>\n\n\n\n<p class=\"has-text-align-center\"><\/p>\n\n\n\n<figure class=\"wp-block-gallery has-nested-images columns-default is-cropped wp-block-gallery-2 is-layout-flex wp-block-gallery-is-layout-flex\">\n<figure class=\"wp-block-image size-large\"><img loading=\"lazy\" decoding=\"async\" width=\"722\" height=\"1024\" data-id=\"1708\" src=\"https:\/\/laureth-sulfate.com\/wp-content\/uploads\/2025\/10\/Galerie-Francoise-besson-invitation-Laureth-Sulfate--722x1024.jpg\" alt=\"\" class=\"wp-image-1708\" srcset=\"https:\/\/laureth-sulfate.com\/wp-content\/uploads\/2025\/10\/Galerie-Francoise-besson-invitation-Laureth-Sulfate--722x1024.jpg 722w, https:\/\/laureth-sulfate.com\/wp-content\/uploads\/2025\/10\/Galerie-Francoise-besson-invitation-Laureth-Sulfate--212x300.jpg 212w, https:\/\/laureth-sulfate.com\/wp-content\/uploads\/2025\/10\/Galerie-Francoise-besson-invitation-Laureth-Sulfate--768x1089.jpg 768w, https:\/\/laureth-sulfate.com\/wp-content\/uploads\/2025\/10\/Galerie-Francoise-besson-invitation-Laureth-Sulfate--1083x1536.jpg 1083w, https:\/\/laureth-sulfate.com\/wp-content\/uploads\/2025\/10\/Galerie-Francoise-besson-invitation-Laureth-Sulfate-.jpg 1410w\" sizes=\"auto, (max-width: 722px) 100vw, 722px\" \/><\/figure>\n\n\n\n<figure class=\"wp-block-image size-large\"><img loading=\"lazy\" decoding=\"async\" width=\"721\" height=\"1024\" data-id=\"1710\" src=\"https:\/\/laureth-sulfate.com\/wp-content\/uploads\/2025\/10\/Galerie-Francoise-besson-invitation-Laureth-Sulfate-721x1024.png\" alt=\"\" class=\"wp-image-1710\" srcset=\"https:\/\/laureth-sulfate.com\/wp-content\/uploads\/2025\/10\/Galerie-Francoise-besson-invitation-Laureth-Sulfate-721x1024.png 721w, https:\/\/laureth-sulfate.com\/wp-content\/uploads\/2025\/10\/Galerie-Francoise-besson-invitation-Laureth-Sulfate-211x300.png 211w, https:\/\/laureth-sulfate.com\/wp-content\/uploads\/2025\/10\/Galerie-Francoise-besson-invitation-Laureth-Sulfate-768x1090.png 768w, https:\/\/laureth-sulfate.com\/wp-content\/uploads\/2025\/10\/Galerie-Francoise-besson-invitation-Laureth-Sulfate-1082x1536.png 1082w, https:\/\/laureth-sulfate.com\/wp-content\/uploads\/2025\/10\/Galerie-Francoise-besson-invitation-Laureth-Sulfate.png 1409w\" sizes=\"auto, (max-width: 721px) 100vw, 721px\" \/><\/figure>\n<\/figure>\n","protected":false},"excerpt":{"rendered":"<p>La Petite Galerie Fran\u00e7oise Besson Fran\u00e7oise Besson a le plaisir d\u2019accueillir l\u2019atelier Chalopin pour une exposition qui se tiendra \u00e0 la petite galerie rue de Vauzelles du 4 au 28 f\u00e9vrier 2026. Cette exposition, dont le commissariat sera assur\u00e9 par Ruben Garberi, proposera un grand panorama de la collection d&rsquo;estampes s\u00e9rigraphi\u00e9es de l&rsquo;atelier. Depuis 2018 &hellip; <\/p>\n<p class=\"link-more\"><a href=\"https:\/\/laureth-sulfate.com\/index.php\/expositions\/\" class=\"more-link\">Continuer la lecture<span class=\"screen-reader-text\"> de &laquo;&nbsp;Expositions&nbsp;&raquo;<\/span><\/a><\/p>\n","protected":false},"author":1,"featured_media":0,"parent":0,"menu_order":0,"comment_status":"closed","ping_status":"closed","template":"","meta":{"footnotes":""},"class_list":["post-1300","page","type-page","status-publish","hentry"],"_links":{"self":[{"href":"https:\/\/laureth-sulfate.com\/index.php\/wp-json\/wp\/v2\/pages\/1300","targetHints":{"allow":["GET"]}}],"collection":[{"href":"https:\/\/laureth-sulfate.com\/index.php\/wp-json\/wp\/v2\/pages"}],"about":[{"href":"https:\/\/laureth-sulfate.com\/index.php\/wp-json\/wp\/v2\/types\/page"}],"author":[{"embeddable":true,"href":"https:\/\/laureth-sulfate.com\/index.php\/wp-json\/wp\/v2\/users\/1"}],"replies":[{"embeddable":true,"href":"https:\/\/laureth-sulfate.com\/index.php\/wp-json\/wp\/v2\/comments?post=1300"}],"version-history":[{"count":43,"href":"https:\/\/laureth-sulfate.com\/index.php\/wp-json\/wp\/v2\/pages\/1300\/revisions"}],"predecessor-version":[{"id":1843,"href":"https:\/\/laureth-sulfate.com\/index.php\/wp-json\/wp\/v2\/pages\/1300\/revisions\/1843"}],"wp:attachment":[{"href":"https:\/\/laureth-sulfate.com\/index.php\/wp-json\/wp\/v2\/media?parent=1300"}],"curies":[{"name":"wp","href":"https:\/\/api.w.org\/{rel}","templated":true}]}}