{"id":1468,"date":"2025-02-09T12:21:09","date_gmt":"2025-02-09T11:21:09","guid":{"rendered":"https:\/\/laureth-sulfate.com\/?page_id=1468"},"modified":"2025-03-01T18:35:54","modified_gmt":"2025-03-01T17:35:54","slug":"eau-de-seltz","status":"publish","type":"page","link":"https:\/\/laureth-sulfate.com\/index.php\/eau-de-seltz\/","title":{"rendered":"Eau de Seltz"},"content":{"rendered":"\n<figure class=\"wp-block-embed is-type-video is-provider-youtube wp-block-embed-youtube wp-embed-aspect-16-9 wp-has-aspect-ratio\"><div class=\"wp-block-embed__wrapper\">\n<iframe loading=\"lazy\" title=\"Eau de Seltz, Exposition Ainsi soient-elles Laureth Sulfate\" width=\"525\" height=\"295\" src=\"https:\/\/www.youtube.com\/embed\/Lbw5Ga9QSK8?feature=oembed\" frameborder=\"0\" allow=\"accelerometer; autoplay; clipboard-write; encrypted-media; gyroscope; picture-in-picture; web-share\" referrerpolicy=\"strict-origin-when-cross-origin\" allowfullscreen><\/iframe>\n<\/div><\/figure>\n\n\n\n<p><br>J\u2019ai empli ce matin,<br>Mon chagrin,<br>De coquillages marins,<br>Et de dr\u00f4les de copains.<\/p>\n\n\n\n<p>J\u2019ai enferm\u00e9 mes secrets,<br>Et cri\u00e9 mes d\u00e9faites.<br>Dans un monde sous-marin,<br>J\u2019ai fini d\u2019avoir faim.<br><br>Trop d\u2019amour, trop d\u2019aimant,<br>Dans cette eau de Seltz.<br>Tout est f\u00e9condant,<br>Riche comme le fiel.<br><br>D\u2019acrobaties oc\u00e9aniques,<br>La vague m\u2019a aval\u00e9e.<br>Par trop de r\u00eaves lactiques,<br>Rien ne fut pardonn\u00e9.<\/p>\n\n\n\n<p>Quelques algues marines,<br>S\u2019occupent de mon ventre,<br>De mes seins qu\u2019elles raffinent.<br>Les herbes sont innocentes.<br><br>Trop d\u2019amour, trop d\u2019aimant,<br>Dans cette eau de Seltz.<br>Tout est f\u00e9condant,<br>Riche comme le fiel.<br><br>Que d\u2019amants insipides,<br>Solubles dans mon eau.<br>Sont devenus lucides,<br>Au fond de mon verseau.<br><br>L\u2019amour de la mort,<br>Fa\u00e7onne mes traits,<br>Et fait languir mon corps,<br>\u00c0 jamais satisfait.<\/p>\n\n\n\n<p>Je refuse l\u2019absolution,<br>Et drague l\u2019absolu.<br>Finir en pas de danse,<br>Jusqu\u2019\u00e0 l\u2019os.<br><br>Trop d\u2019amour, trop d\u2019aimant,<br>Dans cette eau de Seltz.<br>Tout est f\u00e9condant,<br>Riche comme le fiel.<br><br>Sous les vagues, tout danse.<br>Sous les vagues, tout s\u2019efface.<\/p>\n\n\n\n<figure class=\"wp-block-image size-full is-style-rounded\"><img loading=\"lazy\" decoding=\"async\" width=\"586\" height=\"990\" src=\"https:\/\/laureth-sulfate.com\/wp-content\/uploads\/2025\/02\/Eau-de-Seltz.png\" alt=\"\" class=\"wp-image-1471\" srcset=\"https:\/\/laureth-sulfate.com\/wp-content\/uploads\/2025\/02\/Eau-de-Seltz.png 586w, https:\/\/laureth-sulfate.com\/wp-content\/uploads\/2025\/02\/Eau-de-Seltz-178x300.png 178w\" sizes=\"auto, (max-width: 586px) 100vw, 586px\" \/><figcaption class=\"wp-element-caption\">Eau de Seltz<br>S\u00e9rie Ainsi soient-elles<br>Musique, texte et voix : Laureth Sulfate<br>Enregistrement Studio : Purple .B<br>\u00a9 Laureth Sulfate 2025<\/figcaption><\/figure>\n","protected":false},"excerpt":{"rendered":"<p>J\u2019ai empli ce matin,Mon chagrin,De coquillages marins,Et de dr\u00f4les de copains. J\u2019ai enferm\u00e9 mes secrets,Et cri\u00e9 mes d\u00e9faites.Dans un monde sous-marin,J\u2019ai fini d\u2019avoir faim. Trop d\u2019amour, trop d\u2019aimant,Dans cette eau de Seltz.Tout est f\u00e9condant,Riche comme le fiel. D\u2019acrobaties oc\u00e9aniques,La vague m\u2019a aval\u00e9e.Par trop de r\u00eaves lactiques,Rien ne fut pardonn\u00e9. Quelques algues marines,S\u2019occupent de mon ventre,De &hellip; <\/p>\n<p class=\"link-more\"><a href=\"https:\/\/laureth-sulfate.com\/index.php\/eau-de-seltz\/\" class=\"more-link\">Continuer la lecture<span class=\"screen-reader-text\"> de &laquo;&nbsp;Eau de Seltz&nbsp;&raquo;<\/span><\/a><\/p>\n","protected":false},"author":1,"featured_media":0,"parent":0,"menu_order":0,"comment_status":"closed","ping_status":"closed","template":"","meta":{"footnotes":""},"class_list":["post-1468","page","type-page","status-publish","hentry"],"_links":{"self":[{"href":"https:\/\/laureth-sulfate.com\/index.php\/wp-json\/wp\/v2\/pages\/1468","targetHints":{"allow":["GET"]}}],"collection":[{"href":"https:\/\/laureth-sulfate.com\/index.php\/wp-json\/wp\/v2\/pages"}],"about":[{"href":"https:\/\/laureth-sulfate.com\/index.php\/wp-json\/wp\/v2\/types\/page"}],"author":[{"embeddable":true,"href":"https:\/\/laureth-sulfate.com\/index.php\/wp-json\/wp\/v2\/users\/1"}],"replies":[{"embeddable":true,"href":"https:\/\/laureth-sulfate.com\/index.php\/wp-json\/wp\/v2\/comments?post=1468"}],"version-history":[{"count":9,"href":"https:\/\/laureth-sulfate.com\/index.php\/wp-json\/wp\/v2\/pages\/1468\/revisions"}],"predecessor-version":[{"id":1585,"href":"https:\/\/laureth-sulfate.com\/index.php\/wp-json\/wp\/v2\/pages\/1468\/revisions\/1585"}],"wp:attachment":[{"href":"https:\/\/laureth-sulfate.com\/index.php\/wp-json\/wp\/v2\/media?parent=1468"}],"curies":[{"name":"wp","href":"https:\/\/api.w.org\/{rel}","templated":true}]}}