{"id":1486,"date":"2025-02-09T13:18:24","date_gmt":"2025-02-09T12:18:24","guid":{"rendered":"https:\/\/laureth-sulfate.com\/?page_id=1486"},"modified":"2025-03-01T18:31:47","modified_gmt":"2025-03-01T17:31:47","slug":"tatou-tabou","status":"publish","type":"page","link":"https:\/\/laureth-sulfate.com\/index.php\/tatou-tabou\/","title":{"rendered":"Tatou tabou"},"content":{"rendered":"\n<figure class=\"wp-block-embed is-type-video is-provider-youtube wp-block-embed-youtube wp-embed-aspect-16-9 wp-has-aspect-ratio\"><div class=\"wp-block-embed__wrapper\">\n<iframe loading=\"lazy\" title=\"Tatou tabou S\u00e9rie Ainsi soient-elles de Laureth Sulfate\" width=\"525\" height=\"295\" src=\"https:\/\/www.youtube.com\/embed\/oAnvHMCEqrI?feature=oembed\" frameborder=\"0\" allow=\"accelerometer; autoplay; clipboard-write; encrypted-media; gyroscope; picture-in-picture; web-share\" referrerpolicy=\"strict-origin-when-cross-origin\" allowfullscreen><\/iframe>\n<\/div><\/figure>\n\n\n\n<p>Je vois une \u00e0 une tes lumi\u00e8res,&nbsp;<br>Mon amour, tatoue-moi par-dessus,&nbsp;<br>Sous ta lanterne, sur ma luxure,&nbsp;<br>Avec ton compas dans mon derme<\/p>\n\n\n\n<p><br>Imprime, exprime,<br>comme un unique surplis,&nbsp;<br>Je vois dans ton trait ce qui est beau<br>La pointe nue aux encres de peau<br>Forme le plus beau des trios<\/p>\n\n\n\n<p>Tatou Tabou,<br>Et pourtant&nbsp;<br>tu enseignes au merle ,<br>La flexion et l\u2019extension<br>M\u00eame dans ce parc o\u00f9 j&rsquo;\u00e9tais encore<br>A me demander enfant,<br>Quelle \u00e9tait ma raison<\/p>\n\n\n\n<p>Flexion,<br>Je cherche ton regard,&nbsp;<br>Tension,&nbsp;<br>Ton trait sans effort&nbsp;<br>Passion,&nbsp;<br>Des jours \u00e0 \u00e9tudier mon corps<br>Allong\u00e9e dans mon brancard&nbsp;<\/p>\n\n\n\n<p>Viva la viva&nbsp;<br>Tu le cries en dansant,<br>Des gitans, des gitanes ensorcelants,<br>Et jamais tu ne te laisses attraper,&nbsp;<br>Courir toujours plus loin&nbsp;<br>Pour t\u2019\u00e9chapper,<\/p>\n\n\n\n<p>Maintenant<br>Le k dort dans la radio&nbsp;<br>Et mes mains sont vides<br>Sans ta pr\u00e9sence<br>Je dois me trouver&nbsp;un sac \u00e0 main<br>un sac \u00e0 vin&nbsp;<\/p>\n\n\n\n<p>Outre chef,<br>Et cracher le morceau&nbsp;<br>Sans offense.<br>Tu enseignais au merle&nbsp;<br>La paroles du bon<br>Dans le parc&nbsp;o\u00f9 j&rsquo;\u00e9tais<br>Encore petit h\u00e9risson&nbsp;<br>Reviens, va-t&rsquo;en,&nbsp;<br>je ne peux plus attendre,<br>Ton absence est une r\u00e9solution<br>qui me tourmente.<br>\u00c9teins une \u00e0 une les lumi\u00e8res.<\/p>\n\n\n\n\n\n<figure class=\"wp-block-image size-full is-style-rounded\"><img loading=\"lazy\" decoding=\"async\" width=\"617\" height=\"987\" src=\"https:\/\/laureth-sulfate.com\/wp-content\/uploads\/2025\/02\/Tatou-tabou.png\" alt=\"\" class=\"wp-image-1487\" srcset=\"https:\/\/laureth-sulfate.com\/wp-content\/uploads\/2025\/02\/Tatou-tabou.png 617w, https:\/\/laureth-sulfate.com\/wp-content\/uploads\/2025\/02\/Tatou-tabou-188x300.png 188w\" sizes=\"auto, (max-width: 617px) 100vw, 617px\" \/><figcaption class=\"wp-element-caption\">Tatou tabou<br>S\u00e9rie Ainsi soient-elles<br>Musique, texte et voix : Laureth Sulfate<br>Enregistrement Studio : Purple .B<br>\u00a9 Laureth Sulfate 2025<\/figcaption><\/figure>\n","protected":false},"excerpt":{"rendered":"<p>Je vois une \u00e0 une tes lumi\u00e8res,&nbsp;Mon amour, tatoue-moi par-dessus,&nbsp;Sous ta lanterne, sur ma luxure,&nbsp;Avec ton compas dans mon derme Imprime, exprime,comme un unique surplis,&nbsp;Je vois dans ton trait ce qui est beauLa pointe nue aux encres de peauForme le plus beau des trios Tatou Tabou,Et pourtant&nbsp;tu enseignes au merle ,La flexion et l\u2019extensionM\u00eame dans &hellip; <\/p>\n<p class=\"link-more\"><a href=\"https:\/\/laureth-sulfate.com\/index.php\/tatou-tabou\/\" class=\"more-link\">Continuer la lecture<span class=\"screen-reader-text\"> de &laquo;&nbsp;Tatou tabou&nbsp;&raquo;<\/span><\/a><\/p>\n","protected":false},"author":1,"featured_media":0,"parent":0,"menu_order":0,"comment_status":"closed","ping_status":"closed","template":"","meta":{"footnotes":""},"class_list":["post-1486","page","type-page","status-publish","hentry"],"_links":{"self":[{"href":"https:\/\/laureth-sulfate.com\/index.php\/wp-json\/wp\/v2\/pages\/1486","targetHints":{"allow":["GET"]}}],"collection":[{"href":"https:\/\/laureth-sulfate.com\/index.php\/wp-json\/wp\/v2\/pages"}],"about":[{"href":"https:\/\/laureth-sulfate.com\/index.php\/wp-json\/wp\/v2\/types\/page"}],"author":[{"embeddable":true,"href":"https:\/\/laureth-sulfate.com\/index.php\/wp-json\/wp\/v2\/users\/1"}],"replies":[{"embeddable":true,"href":"https:\/\/laureth-sulfate.com\/index.php\/wp-json\/wp\/v2\/comments?post=1486"}],"version-history":[{"count":5,"href":"https:\/\/laureth-sulfate.com\/index.php\/wp-json\/wp\/v2\/pages\/1486\/revisions"}],"predecessor-version":[{"id":1599,"href":"https:\/\/laureth-sulfate.com\/index.php\/wp-json\/wp\/v2\/pages\/1486\/revisions\/1599"}],"wp:attachment":[{"href":"https:\/\/laureth-sulfate.com\/index.php\/wp-json\/wp\/v2\/media?parent=1486"}],"curies":[{"name":"wp","href":"https:\/\/api.w.org\/{rel}","templated":true}]}}