{"id":1498,"date":"2025-02-09T13:59:19","date_gmt":"2025-02-09T12:59:19","guid":{"rendered":"https:\/\/laureth-sulfate.com\/?page_id=1498"},"modified":"2025-03-01T18:27:51","modified_gmt":"2025-03-01T17:27:51","slug":"sorcieres","status":"publish","type":"page","link":"https:\/\/laureth-sulfate.com\/index.php\/sorcieres\/","title":{"rendered":"Sorci\u00e8res"},"content":{"rendered":"\n<figure class=\"wp-block-embed is-type-video is-provider-youtube wp-block-embed-youtube wp-embed-aspect-16-9 wp-has-aspect-ratio\"><div class=\"wp-block-embed__wrapper\">\n<iframe loading=\"lazy\" title=\"Sorcie\u0300res, Exposition Ainsi soient-elles de Laureth\" width=\"525\" height=\"295\" src=\"https:\/\/www.youtube.com\/embed\/mFwk8mnmbck?feature=oembed\" frameborder=\"0\" allow=\"accelerometer; autoplay; clipboard-write; encrypted-media; gyroscope; picture-in-picture; web-share\" referrerpolicy=\"strict-origin-when-cross-origin\" allowfullscreen><\/iframe>\n<\/div><\/figure>\n\n\n\n<p>Nous sommes l\u00e0,<br>Sous la lune p\u00e2le,<br>Dans chaque for\u00eat,<br>Notre force sous nos voiles.<br><br>Nos noms grav\u00e9s dans la peur,<br>Accus\u00e9es pour nos savoirs, notre lueur.<br>Sous les flammes, on nous a br\u00fbl\u00e9es,<br>Mais nos \u00e2mes, elles, n&rsquo;ont jamais c\u00e9d\u00e9.<br><br>Nous sommes les sorci\u00e8res, Seigneur, entendez nos pleurs,<br>Nous avons pay\u00e9 de nos vies, nos valeurs et nos peurs.<br>Que nos esprits s\u2019\u00e9l\u00e8vent, que nos voix soient entendues,<br>Dans la fum\u00e9e et la brume, nos \u00e2mes se sont r\u00e9pandues.<br><br>Nous sommes l\u00e0,<br>Sous la lune p\u00e2le,<br>Dans chaque for\u00eat,<br>Notre force se d\u00e9voile.<br><br>Nos potions, nos plantes, notre savoir ancien,<br>Ont fait de nous la cible des simples humains.<br>Mais dans le vent, nos mots se dispersent,<br>Notre magie, malgr\u00e9 tout, pers\u00e9v\u00e8re.<br><br>Nous sommes les sorci\u00e8res, Seigneur, entendez nos pleurs,<br>Nous avons pay\u00e9 de nos vies, nos valeurs et nos peurs.<br>Que nos esprits s\u2019\u00e9l\u00e8vent, que nos voix soient entendues,<br>Dans la fum\u00e9e et la brume, nos \u00e2mes se sont r\u00e9pandues.<br><br>Nous sommes l\u00e0&#8230;<br>Toujours l\u00e0&#8230;<\/p>\n\n\n\n<p>Nous sommes l\u00e0,<\/p>\n\n\n\n<figure class=\"wp-block-image size-large is-style-rounded\"><img loading=\"lazy\" decoding=\"async\" width=\"1024\" height=\"894\" src=\"https:\/\/laureth-sulfate.com\/wp-content\/uploads\/2025\/02\/sorciere-1024x894.png\" alt=\"\" class=\"wp-image-1499\" srcset=\"https:\/\/laureth-sulfate.com\/wp-content\/uploads\/2025\/02\/sorciere-1024x894.png 1024w, https:\/\/laureth-sulfate.com\/wp-content\/uploads\/2025\/02\/sorciere-300x262.png 300w, https:\/\/laureth-sulfate.com\/wp-content\/uploads\/2025\/02\/sorciere-768x670.png 768w, https:\/\/laureth-sulfate.com\/wp-content\/uploads\/2025\/02\/sorciere.png 1038w\" sizes=\"auto, (max-width: 767px) 89vw, (max-width: 1000px) 54vw, (max-width: 1071px) 543px, 580px\" \/><figcaption class=\"wp-element-caption\">Sorci\u00e8res<br>S\u00e9rie Ainsi soient-elles<br>Musique, texte et voix : Laureth Sulfate<br>Enregistrement Studio : Purple .B<br>\u00a9 Laureth Sulfate 2025<\/figcaption><\/figure>\n\n\n\n<p><\/p>\n","protected":false},"excerpt":{"rendered":"<p>Nous sommes l\u00e0,Sous la lune p\u00e2le,Dans chaque for\u00eat,Notre force sous nos voiles. Nos noms grav\u00e9s dans la peur,Accus\u00e9es pour nos savoirs, notre lueur.Sous les flammes, on nous a br\u00fbl\u00e9es,Mais nos \u00e2mes, elles, n&rsquo;ont jamais c\u00e9d\u00e9. Nous sommes les sorci\u00e8res, Seigneur, entendez nos pleurs,Nous avons pay\u00e9 de nos vies, nos valeurs et nos peurs.Que nos esprits &hellip; <\/p>\n<p class=\"link-more\"><a href=\"https:\/\/laureth-sulfate.com\/index.php\/sorcieres\/\" class=\"more-link\">Continuer la lecture<span class=\"screen-reader-text\"> de &laquo;&nbsp;Sorci\u00e8res&nbsp;&raquo;<\/span><\/a><\/p>\n","protected":false},"author":1,"featured_media":0,"parent":0,"menu_order":0,"comment_status":"closed","ping_status":"closed","template":"","meta":{"footnotes":""},"class_list":["post-1498","page","type-page","status-publish","hentry"],"_links":{"self":[{"href":"https:\/\/laureth-sulfate.com\/index.php\/wp-json\/wp\/v2\/pages\/1498","targetHints":{"allow":["GET"]}}],"collection":[{"href":"https:\/\/laureth-sulfate.com\/index.php\/wp-json\/wp\/v2\/pages"}],"about":[{"href":"https:\/\/laureth-sulfate.com\/index.php\/wp-json\/wp\/v2\/types\/page"}],"author":[{"embeddable":true,"href":"https:\/\/laureth-sulfate.com\/index.php\/wp-json\/wp\/v2\/users\/1"}],"replies":[{"embeddable":true,"href":"https:\/\/laureth-sulfate.com\/index.php\/wp-json\/wp\/v2\/comments?post=1498"}],"version-history":[{"count":9,"href":"https:\/\/laureth-sulfate.com\/index.php\/wp-json\/wp\/v2\/pages\/1498\/revisions"}],"predecessor-version":[{"id":1596,"href":"https:\/\/laureth-sulfate.com\/index.php\/wp-json\/wp\/v2\/pages\/1498\/revisions\/1596"}],"wp:attachment":[{"href":"https:\/\/laureth-sulfate.com\/index.php\/wp-json\/wp\/v2\/media?parent=1498"}],"curies":[{"name":"wp","href":"https:\/\/api.w.org\/{rel}","templated":true}]}}