{"id":1685,"date":"2025-09-09T19:06:12","date_gmt":"2025-09-09T17:06:12","guid":{"rendered":"https:\/\/laureth-sulfate.com\/?page_id=1685"},"modified":"2025-09-09T19:29:49","modified_gmt":"2025-09-09T17:29:49","slug":"les-paves-de-la-street-par-laureth-sulfate","status":"publish","type":"page","link":"https:\/\/laureth-sulfate.com\/index.php\/les-paves-de-la-street-par-laureth-sulfate\/","title":{"rendered":"Les pav\u00e9s de la street"},"content":{"rendered":"\n<p>Chaque pav\u00e9, authentique fragment lyonnais en granit d\u2019environ 15 cm de haut sur 10 cm de large et pesant pr\u00e8s de 10 kilos, est un support brut et massif. Symbole de la rue et de la contestation, il se transforme en mati\u00e8re \u00e0 cr\u00e9ation : bombe, collage, r\u00e9sine, offrant \u00e0 l\u2019ordinaire une nouvelle vie, et donnant permanence \u00e0 la m\u00e9moire du street-art, trop souvent \u00e9ph\u00e9m\u00e8re.<\/p>\n\n\n\n<figure class=\"wp-block-gallery has-nested-images columns-default is-cropped wp-block-gallery-1 is-layout-flex wp-block-gallery-is-layout-flex\">\n<figure class=\"wp-block-image size-large\"><img loading=\"lazy\" decoding=\"async\" width=\"720\" height=\"1024\" data-id=\"1692\" src=\"https:\/\/laureth-sulfate.com\/wp-content\/uploads\/2025\/09\/loup-pique-720x1024.jpg\" alt=\"\" class=\"wp-image-1692\" srcset=\"https:\/\/laureth-sulfate.com\/wp-content\/uploads\/2025\/09\/loup-pique-720x1024.jpg 720w, https:\/\/laureth-sulfate.com\/wp-content\/uploads\/2025\/09\/loup-pique-211x300.jpg 211w, https:\/\/laureth-sulfate.com\/wp-content\/uploads\/2025\/09\/loup-pique-768x1092.jpg 768w, https:\/\/laureth-sulfate.com\/wp-content\/uploads\/2025\/09\/loup-pique-1080x1536.jpg 1080w, https:\/\/laureth-sulfate.com\/wp-content\/uploads\/2025\/09\/loup-pique-1440x2048.jpg 1440w, https:\/\/laureth-sulfate.com\/wp-content\/uploads\/2025\/09\/loup-pique-scaled.jpg 1800w\" sizes=\"auto, (max-width: 720px) 100vw, 720px\" \/><figcaption class=\"wp-element-caption\">STREET ART SUR PAV\u00c9<br>WOLF&rsquo;S FLOWERS<\/figcaption><\/figure>\n\n\n\n<figure class=\"wp-block-image size-large\"><img loading=\"lazy\" decoding=\"async\" width=\"563\" height=\"719\" data-id=\"1686\" src=\"https:\/\/laureth-sulfate.com\/wp-content\/uploads\/2025\/09\/pave-dame-de-carreau.jpg\" alt=\"\" class=\"wp-image-1686\" srcset=\"https:\/\/laureth-sulfate.com\/wp-content\/uploads\/2025\/09\/pave-dame-de-carreau.jpg 563w, https:\/\/laureth-sulfate.com\/wp-content\/uploads\/2025\/09\/pave-dame-de-carreau-235x300.jpg 235w\" sizes=\"auto, (max-width: 563px) 100vw, 563px\" \/><figcaption class=\"wp-element-caption\">STREET ART SUR PAV\u00c9 QUEEN OF DIAMONDS<\/figcaption><\/figure>\n\n\n\n<figure class=\"wp-block-image size-large\"><img loading=\"lazy\" decoding=\"async\" width=\"563\" height=\"719\" data-id=\"1688\" src=\"https:\/\/laureth-sulfate.com\/wp-content\/uploads\/2025\/09\/pave-dame-de-coeur.jpg\" alt=\"\" class=\"wp-image-1688\" srcset=\"https:\/\/laureth-sulfate.com\/wp-content\/uploads\/2025\/09\/pave-dame-de-coeur.jpg 563w, https:\/\/laureth-sulfate.com\/wp-content\/uploads\/2025\/09\/pave-dame-de-coeur-235x300.jpg 235w\" sizes=\"auto, (max-width: 563px) 100vw, 563px\" \/><figcaption class=\"wp-element-caption\">STREET ART SUR PAV\u00c9<br>QUEEN OF HEARTS<\/figcaption><\/figure>\n\n\n\n<figure class=\"wp-block-image size-large\"><img loading=\"lazy\" decoding=\"async\" width=\"563\" height=\"719\" data-id=\"1687\" src=\"https:\/\/laureth-sulfate.com\/wp-content\/uploads\/2025\/09\/pave-dame-de-joker-2.jpg\" alt=\"\" class=\"wp-image-1687\" srcset=\"https:\/\/laureth-sulfate.com\/wp-content\/uploads\/2025\/09\/pave-dame-de-joker-2.jpg 563w, https:\/\/laureth-sulfate.com\/wp-content\/uploads\/2025\/09\/pave-dame-de-joker-2-235x300.jpg 235w\" sizes=\"auto, (max-width: 563px) 100vw, 563px\" \/><figcaption class=\"wp-element-caption\">STREET ART SUR PAV\u00c9 AMOUR<\/figcaption><\/figure>\n\n\n\n<figure class=\"wp-block-image size-large\"><img loading=\"lazy\" decoding=\"async\" width=\"563\" height=\"719\" data-id=\"1689\" src=\"https:\/\/laureth-sulfate.com\/wp-content\/uploads\/2025\/09\/pave-dame-de-pique.jpg\" alt=\"\" class=\"wp-image-1689\" srcset=\"https:\/\/laureth-sulfate.com\/wp-content\/uploads\/2025\/09\/pave-dame-de-pique.jpg 563w, https:\/\/laureth-sulfate.com\/wp-content\/uploads\/2025\/09\/pave-dame-de-pique-235x300.jpg 235w\" sizes=\"auto, (max-width: 563px) 100vw, 563px\" \/><figcaption class=\"wp-element-caption\"><br>STREET ART SUR PAV\u00c9<br>QUEEN OF SPADES<\/figcaption><\/figure>\n\n\n\n<figure class=\"wp-block-image size-large\"><img loading=\"lazy\" decoding=\"async\" width=\"563\" height=\"719\" data-id=\"1690\" src=\"https:\/\/laureth-sulfate.com\/wp-content\/uploads\/2025\/09\/pave-dame-de-trefles.jpg\" alt=\"\" class=\"wp-image-1690\" srcset=\"https:\/\/laureth-sulfate.com\/wp-content\/uploads\/2025\/09\/pave-dame-de-trefles.jpg 563w, https:\/\/laureth-sulfate.com\/wp-content\/uploads\/2025\/09\/pave-dame-de-trefles-235x300.jpg 235w\" sizes=\"auto, (max-width: 563px) 100vw, 563px\" \/><figcaption class=\"wp-element-caption\"><br>STREET ART SUR PAV\u00c9<br>QUEEN OF CLUBS<\/figcaption><\/figure>\n\n\n\n<figure class=\"wp-block-image size-large\"><img loading=\"lazy\" decoding=\"async\" width=\"563\" height=\"719\" data-id=\"1691\" src=\"https:\/\/laureth-sulfate.com\/wp-content\/uploads\/2025\/09\/pave-Joker.jpg\" alt=\"\" class=\"wp-image-1691\" srcset=\"https:\/\/laureth-sulfate.com\/wp-content\/uploads\/2025\/09\/pave-Joker.jpg 563w, https:\/\/laureth-sulfate.com\/wp-content\/uploads\/2025\/09\/pave-Joker-235x300.jpg 235w\" sizes=\"auto, (max-width: 563px) 100vw, 563px\" \/><figcaption class=\"wp-element-caption\">STREET ART SUR PAV\u00c9<br>JOKER 2<\/figcaption><\/figure>\n\n\n\n<figure class=\"wp-block-image size-large\"><img loading=\"lazy\" decoding=\"async\" width=\"731\" height=\"1024\" data-id=\"1696\" src=\"https:\/\/laureth-sulfate.com\/wp-content\/uploads\/2025\/09\/dark-stretart-sur-pave-731x1024.jpg\" alt=\"\" class=\"wp-image-1696\" srcset=\"https:\/\/laureth-sulfate.com\/wp-content\/uploads\/2025\/09\/dark-stretart-sur-pave-731x1024.jpg 731w, https:\/\/laureth-sulfate.com\/wp-content\/uploads\/2025\/09\/dark-stretart-sur-pave-214x300.jpg 214w, https:\/\/laureth-sulfate.com\/wp-content\/uploads\/2025\/09\/dark-stretart-sur-pave-768x1076.jpg 768w, https:\/\/laureth-sulfate.com\/wp-content\/uploads\/2025\/09\/dark-stretart-sur-pave-1096x1536.jpg 1096w, https:\/\/laureth-sulfate.com\/wp-content\/uploads\/2025\/09\/dark-stretart-sur-pave-1461x2048.jpg 1461w, https:\/\/laureth-sulfate.com\/wp-content\/uploads\/2025\/09\/dark-stretart-sur-pave-scaled.jpg 1827w\" sizes=\"auto, (max-width: 731px) 100vw, 731px\" \/><figcaption class=\"wp-element-caption\">STREET ART SUR PAV\u00c9<br>JOKER 3<\/figcaption><\/figure>\n<\/figure>\n\n\n\n<p>EN EXPOSITION \u00c0 HOLLY STREET GALERIE LYON JUSQU&rsquo;AU 27 SEPTEMBRE<\/p>\n\n\n\n<p>POUR TOUS RENSEIGNEMENTS   <a href=\"mailto:chloedelyon@gmail.com\">ICI<\/a><br>INFORMATIONS SUR <a href=\"https:\/\/fr.wikipedia.org\/wiki\/Art_urbain\" target=\"_blank\" rel=\"noreferrer noopener\">L&rsquo;ART URBAIN<\/a><br><\/p>\n","protected":false},"excerpt":{"rendered":"<p>Chaque pav\u00e9, authentique fragment lyonnais en granit d\u2019environ 15 cm de haut sur 10 cm de large et pesant pr\u00e8s de 10 kilos, est un support brut et massif. Symbole de la rue et de la contestation, il se transforme en mati\u00e8re \u00e0 cr\u00e9ation : bombe, collage, r\u00e9sine, offrant \u00e0 l\u2019ordinaire une nouvelle vie, et &hellip; <\/p>\n<p class=\"link-more\"><a href=\"https:\/\/laureth-sulfate.com\/index.php\/les-paves-de-la-street-par-laureth-sulfate\/\" class=\"more-link\">Continuer la lecture<span class=\"screen-reader-text\"> de &laquo;&nbsp;Les pav\u00e9s de la street&nbsp;&raquo;<\/span><\/a><\/p>\n","protected":false},"author":1,"featured_media":0,"parent":0,"menu_order":0,"comment_status":"closed","ping_status":"closed","template":"","meta":{"footnotes":""},"class_list":["post-1685","page","type-page","status-publish","hentry"],"_links":{"self":[{"href":"https:\/\/laureth-sulfate.com\/index.php\/wp-json\/wp\/v2\/pages\/1685","targetHints":{"allow":["GET"]}}],"collection":[{"href":"https:\/\/laureth-sulfate.com\/index.php\/wp-json\/wp\/v2\/pages"}],"about":[{"href":"https:\/\/laureth-sulfate.com\/index.php\/wp-json\/wp\/v2\/types\/page"}],"author":[{"embeddable":true,"href":"https:\/\/laureth-sulfate.com\/index.php\/wp-json\/wp\/v2\/users\/1"}],"replies":[{"embeddable":true,"href":"https:\/\/laureth-sulfate.com\/index.php\/wp-json\/wp\/v2\/comments?post=1685"}],"version-history":[{"count":8,"href":"https:\/\/laureth-sulfate.com\/index.php\/wp-json\/wp\/v2\/pages\/1685\/revisions"}],"predecessor-version":[{"id":1704,"href":"https:\/\/laureth-sulfate.com\/index.php\/wp-json\/wp\/v2\/pages\/1685\/revisions\/1704"}],"wp:attachment":[{"href":"https:\/\/laureth-sulfate.com\/index.php\/wp-json\/wp\/v2\/media?parent=1685"}],"curies":[{"name":"wp","href":"https:\/\/api.w.org\/{rel}","templated":true}]}}