{"id":2,"date":"2020-10-10T17:43:19","date_gmt":"2020-10-10T15:43:19","guid":{"rendered":"http:\/\/laureth-sulfate.com\/?page_id=2"},"modified":"2024-10-17T09:48:48","modified_gmt":"2024-10-17T07:48:48","slug":"page-d-exemple","status":"publish","type":"page","link":"https:\/\/laureth-sulfate.com\/index.php\/page-d-exemple\/","title":{"rendered":"Photographie \/ art num\u00e9rique"},"content":{"rendered":"\n<p>Plus d&rsquo;information  par mail : <a href=\"mailto:info@laureth-sulfate.com\">info@laureth-sufate.com<\/a><\/p>\n\n\n\n<figure class=\"wp-block-image\"><img loading=\"lazy\" decoding=\"async\" width=\"650\" height=\"873\" src=\"http:\/\/laureth-sulfate.com\/wp-content\/uploads\/2023\/08\/shiva-julie-web.jpg\" alt=\"La venus aux milles tours\" class=\"wp-image-1204\" srcset=\"https:\/\/laureth-sulfate.com\/wp-content\/uploads\/2023\/08\/shiva-julie-web.jpg 650w, https:\/\/laureth-sulfate.com\/wp-content\/uploads\/2023\/08\/shiva-julie-web-223x300.jpg 223w\" sizes=\"auto, (max-width: 650px) 100vw, 650px\" \/><figcaption>La v\u00e9nus aux mille tours<br> Depuis 1936 et les fameux cong\u00e9s pay\u00e9s obtenus de haute lutte par le monde ouvrier, le peuple gitan c\u00e9l\u00e8bre sa vierge noire, Sara, en Camargue. La l\u00e9gende populaire r\u00e9v\u00e8le qu\u2019apr\u00e8s la crucifixion de J\u00e9sus, \u00e0 la mort de la vierge Marie, Marie-Salom\u00e9, Marie Jacob\u00e9 et Marie Madeleine auraient d\u00e9riv\u00e9 sur une barque vers la c\u00f4te proven\u00e7ale, accompagn\u00e9es de Sara-la-Kali (Sara la noire), leur servante. <br> Lorsque l\u2019artiste cr\u00e9e, l\u2019inspiration le visite. Laureth Sulfate savait-elle que la sienne s\u2019appuyait sur un tel substratum ? Les voies des cr\u00e9ateurs \u00e9tant imp\u00e9n\u00e9trables, souvenons-nous simplement que Kali r\u00e9pond \u00e0 la d\u00e9esse indienne \u00e9ponyme. Cette appellation concorde avec la transmission orale de la communaut\u00e9 Rom, ramenant leur origine vers le 9eme si\u00e8cle en Inde. <br> Kali est nue, polym\u00e8le et d\u00e9moniaque. Julie est belle et rousse. <br> Kali est la partie f\u00e9minine de Kala, le Temps. Le Temps est le grand Destructeur, mais aussi le Grand Sauveur. Il tue, mais aussi garde en lui-m\u00eame le secret de l&rsquo;immortalit\u00e9 (Yama) comme peut le faire l&rsquo;effrayant, l&rsquo;errant, le porteur de cr\u00e2nes, Bhairava, qui, quand il est correctement pri\u00e9, d\u00e9truit toutes les peurs et tous les ennemis. Elle est la d\u00e9esse de la Bonne Fortune, modeste, d&rsquo;une grande sagesse et porteuse d&rsquo;une foi saine. Elle est la Grande Nuit et la Grande Illusion.<br> Quelle sera la place de l\u2019humanit\u00e9 face \u00e0 ce tournoiement sombre qui la consumera par le feu contestataire si elle reste dans le d\u00e9ni confortable de diktats civilisationnels obsol\u00e8tes. Peut-\u00eatre celle des gens du voyage, les gitans ou roms, locataire de lieux o\u00f9 ils r\u00e9cr\u00e9ent une soci\u00e9t\u00e9 en phase avec le Cosmos et le bruissement incessant des divinit\u00e9s sacr\u00e9es qu\u2019ils redoutent et v\u00e9n\u00e8rent, qu\u2019ils appellent et conjurent\u2026 Paradoxes d\u2019une culture o\u00f9 l\u2019\u00e9tat de Nature c\u00f4toie, le raffinement d\u2019un art de vivre fond\u00e9 sur l\u2019incantation, la n\u00e9cromancie et le mystique.<br> Du rital au rite, il n\u2019y a pas l\u2019\u00e9paisseur d\u2019un papier \u00e0 cigarette, encore moins d\u2019un doigt ou d\u2019un bras ou de 8 bras !<br> \u00ab In girum imus nocte ecce et consumimur igni \u00bb, pour paraphraser le titre du film de Guy Debord, serait l\u2019aphorisme palindromique et conceptuel logique de ce renouveau des consciences.<br> &nbsp;Dans un capharna\u00fcm o\u00f9 dansent les \u00e9toiles, <br> Julie Morel rayonne, \u00e9l\u00e9gante, sans voiles, <br> Mod\u00e8le pour Sara Kali, vierge d\u2019\u00e9cume, <br> Telle une flamme bleue, son aura vous consume.<br><\/figcaption><\/figure>\n\n\n\n<ul class=\"wp-block-gallery columns-1 is-cropped wp-block-gallery-1 is-layout-flex wp-block-gallery-is-layout-flex\"><li class=\"blocks-gallery-item\"><figure><img loading=\"lazy\" decoding=\"async\" width=\"749\" height=\"1024\" src=\"http:\/\/laureth-sulfate.com\/wp-content\/uploads\/2020\/10\/masque-nature-749x1024.jpg\" alt=\"\" data-id=\"98\" data-link=\"http:\/\/laureth-sulfate.com\/index.php\/page-d-exemple\/masque-nature\/\" class=\"wp-image-98\" srcset=\"https:\/\/laureth-sulfate.com\/wp-content\/uploads\/2020\/10\/masque-nature-749x1024.jpg 749w, https:\/\/laureth-sulfate.com\/wp-content\/uploads\/2020\/10\/masque-nature-220x300.jpg 220w, https:\/\/laureth-sulfate.com\/wp-content\/uploads\/2020\/10\/masque-nature-768x1050.jpg 768w\" sizes=\"auto, (max-width: 706px) 89vw, (max-width: 767px) 82vw, 740px\" \/><figcaption>Par nature<\/figcaption><\/figure><\/li><\/ul>\n\n\n\n<ul class=\"wp-block-gallery columns-1 is-cropped wp-block-gallery-2 is-layout-flex wp-block-gallery-is-layout-flex\"><li class=\"blocks-gallery-item\"><figure><img loading=\"lazy\" decoding=\"async\" width=\"689\" height=\"1024\" src=\"http:\/\/laureth-sulfate.com\/wp-content\/uploads\/2020\/10\/soleil-689x1024.jpg\" alt=\"\" data-id=\"99\" data-link=\"http:\/\/laureth-sulfate.com\/index.php\/page-d-exemple\/soleil\/\" class=\"wp-image-99\" srcset=\"https:\/\/laureth-sulfate.com\/wp-content\/uploads\/2020\/10\/soleil-689x1024.jpg 689w, https:\/\/laureth-sulfate.com\/wp-content\/uploads\/2020\/10\/soleil-202x300.jpg 202w, https:\/\/laureth-sulfate.com\/wp-content\/uploads\/2020\/10\/soleil-768x1141.jpg 768w\" sizes=\"auto, (max-width: 689px) 100vw, 689px\" \/><figcaption>Sun<\/figcaption><\/figure><\/li><\/ul>\n\n\n\n<ul class=\"wp-block-gallery columns-2 is-cropped wp-block-gallery-3 is-layout-flex wp-block-gallery-is-layout-flex\"><li class=\"blocks-gallery-item\"><figure><img loading=\"lazy\" decoding=\"async\" width=\"500\" height=\"1024\" src=\"http:\/\/laureth-sulfate.com\/wp-content\/uploads\/2020\/10\/darc-crytal-30-X60-500x1024.jpg\" alt=\"\" data-id=\"101\" data-link=\"http:\/\/laureth-sulfate.com\/index.php\/page-d-exemple\/darc-crytal-30-x60\/\" class=\"wp-image-101\" srcset=\"https:\/\/laureth-sulfate.com\/wp-content\/uploads\/2020\/10\/darc-crytal-30-X60-500x1024.jpg 500w, https:\/\/laureth-sulfate.com\/wp-content\/uploads\/2020\/10\/darc-crytal-30-X60-147x300.jpg 147w, https:\/\/laureth-sulfate.com\/wp-content\/uploads\/2020\/10\/darc-crytal-30-X60-768x1573.jpg 768w\" sizes=\"auto, (max-width: 500px) 100vw, 500px\" \/><figcaption>Dark Krystal<\/figcaption><\/figure><\/li><li class=\"blocks-gallery-item\"><figure><img loading=\"lazy\" decoding=\"async\" width=\"500\" height=\"993\" src=\"http:\/\/laureth-sulfate.com\/wp-content\/uploads\/2020\/10\/amour.jpg\" alt=\"\" data-id=\"103\" data-link=\"http:\/\/laureth-sulfate.com\/index.php\/page-d-exemple\/amour\/\" class=\"wp-image-103\" srcset=\"https:\/\/laureth-sulfate.com\/wp-content\/uploads\/2020\/10\/amour.jpg 500w, https:\/\/laureth-sulfate.com\/wp-content\/uploads\/2020\/10\/amour-151x300.jpg 151w\" sizes=\"auto, (max-width: 500px) 100vw, 500px\" \/><figcaption>Amour<\/figcaption><\/figure><\/li><\/ul>\n\n\n\n<ul class=\"wp-block-gallery columns-2 is-cropped wp-block-gallery-4 is-layout-flex wp-block-gallery-is-layout-flex\"><li class=\"blocks-gallery-item\"><figure><img loading=\"lazy\" decoding=\"async\" width=\"500\" height=\"250\" src=\"http:\/\/laureth-sulfate.com\/wp-content\/uploads\/2020\/10\/fantaisie-60-X-30-1.jpg\" alt=\"\" data-id=\"105\" data-link=\"http:\/\/laureth-sulfate.com\/index.php\/page-d-exemple\/fantaisie-60-x-30-2\/\" class=\"wp-image-105\" srcset=\"https:\/\/laureth-sulfate.com\/wp-content\/uploads\/2020\/10\/fantaisie-60-X-30-1.jpg 500w, https:\/\/laureth-sulfate.com\/wp-content\/uploads\/2020\/10\/fantaisie-60-X-30-1-300x150.jpg 300w\" sizes=\"auto, (max-width: 500px) 100vw, 500px\" \/><figcaption>D\u00e9lit N\u00b01 &#8211; Fantaisie <\/figcaption><\/figure><\/li><li class=\"blocks-gallery-item\"><figure><img loading=\"lazy\" decoding=\"async\" width=\"500\" height=\"249\" src=\"http:\/\/laureth-sulfate.com\/wp-content\/uploads\/2020\/10\/amour-60X30-1.jpg\" alt=\"\" data-id=\"107\" data-link=\"http:\/\/laureth-sulfate.com\/index.php\/page-d-exemple\/amour-60x30-2\/\" class=\"wp-image-107\" srcset=\"https:\/\/laureth-sulfate.com\/wp-content\/uploads\/2020\/10\/amour-60X30-1.jpg 500w, https:\/\/laureth-sulfate.com\/wp-content\/uploads\/2020\/10\/amour-60X30-1-300x149.jpg 300w\" sizes=\"auto, (max-width: 500px) 100vw, 500px\" \/><figcaption>D\u00e9lit N\u00b02 &#8211; Amour <\/figcaption><\/figure><\/li><\/ul>\n\n\n\n<ul class=\"wp-block-gallery columns-1 is-cropped wp-block-gallery-5 is-layout-flex wp-block-gallery-is-layout-flex\"><li class=\"blocks-gallery-item\"><figure><img loading=\"lazy\" decoding=\"async\" width=\"1000\" height=\"500\" src=\"http:\/\/laureth-sulfate.com\/wp-content\/uploads\/2020\/10\/Dark-laureth-sulafte-artiste.jpg\" alt=\"\" data-id=\"108\" data-link=\"http:\/\/laureth-sulfate.com\/index.php\/page-d-exemple\/dark-laureth-sulafte-artiste\/\" class=\"wp-image-108\" srcset=\"https:\/\/laureth-sulfate.com\/wp-content\/uploads\/2020\/10\/Dark-laureth-sulafte-artiste.jpg 1000w, https:\/\/laureth-sulfate.com\/wp-content\/uploads\/2020\/10\/Dark-laureth-sulafte-artiste-300x150.jpg 300w, https:\/\/laureth-sulfate.com\/wp-content\/uploads\/2020\/10\/Dark-laureth-sulafte-artiste-768x384.jpg 768w\" sizes=\"auto, (max-width: 767px) 89vw, (max-width: 1000px) 54vw, (max-width: 1071px) 543px, 580px\" \/><figcaption>D\u00e9lit N\u00b03 &#8211; Dark <\/figcaption><\/figure><\/li><\/ul>\n\n\n\n<ul class=\"wp-block-gallery columns-1 is-cropped wp-block-gallery-6 is-layout-flex wp-block-gallery-is-layout-flex\"><li class=\"blocks-gallery-item\"><figure><img loading=\"lazy\" decoding=\"async\" width=\"650\" height=\"678\" src=\"http:\/\/laureth-sulfate.com\/wp-content\/uploads\/2020\/10\/corona-laureth-1.jpg\" alt=\"\" data-id=\"112\" data-link=\"http:\/\/laureth-sulfate.com\/index.php\/page-d-exemple\/corona-laureth-2\/\" class=\"wp-image-112\" srcset=\"https:\/\/laureth-sulfate.com\/wp-content\/uploads\/2020\/10\/corona-laureth-1.jpg 650w, https:\/\/laureth-sulfate.com\/wp-content\/uploads\/2020\/10\/corona-laureth-1-288x300.jpg 288w\" sizes=\"auto, (max-width: 650px) 100vw, 650px\" \/><figcaption>Je s\u00e8me \u00e0 tout vent <br>Street-art <\/figcaption><\/figure><\/li><\/ul>\n\n\n\n<ul class=\"wp-block-gallery columns-2 is-cropped wp-block-gallery-7 is-layout-flex wp-block-gallery-is-layout-flex\"><li class=\"blocks-gallery-item\"><figure><img loading=\"lazy\" decoding=\"async\" width=\"500\" height=\"750\" src=\"http:\/\/laureth-sulfate.com\/wp-content\/uploads\/2020\/10\/laureth-sulfate-joconde-1.jpg\" alt=\"\" data-id=\"121\" data-link=\"http:\/\/laureth-sulfate.com\/index.php\/page-d-exemple\/laureth-sulfate-joconde-2\/\" class=\"wp-image-121\" srcset=\"https:\/\/laureth-sulfate.com\/wp-content\/uploads\/2020\/10\/laureth-sulfate-joconde-1.jpg 500w, https:\/\/laureth-sulfate.com\/wp-content\/uploads\/2020\/10\/laureth-sulfate-joconde-1-200x300.jpg 200w\" sizes=\"auto, (max-width: 500px) 100vw, 500px\" \/><figcaption>L&rsquo;\u00e9ducation d&rsquo;une f\u00e9e<\/figcaption><\/figure><\/li><li class=\"blocks-gallery-item\"><figure><img loading=\"lazy\" decoding=\"async\" width=\"500\" height=\"779\" src=\"http:\/\/laureth-sulfate.com\/wp-content\/uploads\/2022\/06\/fe\u0301conde-web.jpg\" alt=\"Joconde f\u00e9conde\" data-id=\"758\" data-link=\"http:\/\/laureth-sulfate.com\/index.php\/page-d-exemple\/feconde-web\/\" class=\"wp-image-758\" srcset=\"https:\/\/laureth-sulfate.com\/wp-content\/uploads\/2022\/06\/fe\u0301conde-web.jpg 500w, https:\/\/laureth-sulfate.com\/wp-content\/uploads\/2022\/06\/fe\u0301conde-web-193x300.jpg 193w\" sizes=\"auto, (max-width: 500px) 100vw, 500px\" \/><figcaption>La F\u00e9conde<\/figcaption><\/figure><\/li><\/ul>\n\n\n\n<ul class=\"wp-block-gallery columns-2 is-cropped wp-block-gallery-8 is-layout-flex wp-block-gallery-is-layout-flex\"><li class=\"blocks-gallery-item\"><figure><img loading=\"lazy\" decoding=\"async\" width=\"500\" height=\"694\" src=\"http:\/\/laureth-sulfate.com\/wp-content\/uploads\/2020\/10\/laureth-sulfate-streetart-2.jpg\" alt=\"\" data-id=\"113\" data-link=\"http:\/\/laureth-sulfate.com\/index.php\/page-d-exemple\/laureth-sulfate-streetart-3\/\" class=\"wp-image-113\" srcset=\"https:\/\/laureth-sulfate.com\/wp-content\/uploads\/2020\/10\/laureth-sulfate-streetart-2.jpg 500w, https:\/\/laureth-sulfate.com\/wp-content\/uploads\/2020\/10\/laureth-sulfate-streetart-2-216x300.jpg 216w\" sizes=\"auto, (max-width: 500px) 100vw, 500px\" \/><figcaption>Tie wearing pie <br>Technique mixte<\/figcaption><\/figure><\/li><li class=\"blocks-gallery-item\"><figure><img loading=\"lazy\" decoding=\"async\" width=\"500\" height=\"682\" src=\"http:\/\/laureth-sulfate.com\/wp-content\/uploads\/2020\/11\/blanche-neige-echevele\u0301e-STREET-ART.jpg\" alt=\"\" data-id=\"256\" data-link=\"http:\/\/laureth-sulfate.com\/index.php\/page-d-exemple\/blanche-neige-echevelee-street-art-2\/\" class=\"wp-image-256\" srcset=\"https:\/\/laureth-sulfate.com\/wp-content\/uploads\/2020\/11\/blanche-neige-echevele\u0301e-STREET-ART.jpg 500w, https:\/\/laureth-sulfate.com\/wp-content\/uploads\/2020\/11\/blanche-neige-echevele\u0301e-STREET-ART-220x300.jpg 220w\" sizes=\"auto, (max-width: 500px) 100vw, 500px\" \/><figcaption>Fais moi r\u00eaver<br> Street art<\/figcaption><\/figure><\/li><\/ul>\n\n\n\n<ul class=\"wp-block-gallery columns-3 is-cropped wp-block-gallery-9 is-layout-flex wp-block-gallery-is-layout-flex\"><li class=\"blocks-gallery-item\"><figure><img loading=\"lazy\" decoding=\"async\" width=\"500\" height=\"750\" src=\"http:\/\/laureth-sulfate.com\/wp-content\/uploads\/2020\/10\/infirmiere-coeur-brisee-.jpg\" alt=\"\" data-id=\"117\" data-link=\"http:\/\/laureth-sulfate.com\/index.php\/page-d-exemple\/infirmiere-coeur-brisee\/\" class=\"wp-image-117\" srcset=\"https:\/\/laureth-sulfate.com\/wp-content\/uploads\/2020\/10\/infirmiere-coeur-brisee-.jpg 500w, https:\/\/laureth-sulfate.com\/wp-content\/uploads\/2020\/10\/infirmiere-coeur-brisee--200x300.jpg 200w\" sizes=\"auto, (max-width: 500px) 100vw, 500px\" \/><figcaption>Infirmi\u00e8re<\/figcaption><\/figure><\/li><li class=\"blocks-gallery-item\"><figure><img loading=\"lazy\" decoding=\"async\" width=\"450\" height=\"569\" src=\"http:\/\/laureth-sulfate.com\/wp-content\/uploads\/2020\/10\/laureth-sulfate-artiste-lyon.jpg\" alt=\"\" data-id=\"119\" data-link=\"http:\/\/laureth-sulfate.com\/index.php\/page-d-exemple\/laureth-sulfate-artiste-lyon\/\" class=\"wp-image-119\" srcset=\"https:\/\/laureth-sulfate.com\/wp-content\/uploads\/2020\/10\/laureth-sulfate-artiste-lyon.jpg 450w, https:\/\/laureth-sulfate.com\/wp-content\/uploads\/2020\/10\/laureth-sulfate-artiste-lyon-237x300.jpg 237w\" sizes=\"auto, (max-width: 450px) 100vw, 450px\" \/><figcaption>Muse<\/figcaption><\/figure><\/li><li class=\"blocks-gallery-item\"><figure><img loading=\"lazy\" decoding=\"async\" width=\"500\" height=\"710\" src=\"http:\/\/laureth-sulfate.com\/wp-content\/uploads\/2020\/10\/lamarie-au-masque-1.jpg\" alt=\"\" data-id=\"122\" data-link=\"http:\/\/laureth-sulfate.com\/index.php\/page-d-exemple\/lamarie-au-masque-2\/\" class=\"wp-image-122\" srcset=\"https:\/\/laureth-sulfate.com\/wp-content\/uploads\/2020\/10\/lamarie-au-masque-1.jpg 500w, https:\/\/laureth-sulfate.com\/wp-content\/uploads\/2020\/10\/lamarie-au-masque-1-211x300.jpg 211w\" sizes=\"auto, (max-width: 500px) 100vw, 500px\" \/><figcaption><br> Marie<\/figcaption><\/figure><\/li><\/ul>\n\n\n\n<ul class=\"wp-block-gallery columns-2 is-cropped wp-block-gallery-10 is-layout-flex wp-block-gallery-is-layout-flex\"><li class=\"blocks-gallery-item\"><figure><img loading=\"lazy\" decoding=\"async\" width=\"500\" height=\"750\" src=\"http:\/\/laureth-sulfate.com\/wp-content\/uploads\/2020\/10\/metonomie.jpg\" alt=\"\" data-id=\"127\" data-link=\"http:\/\/laureth-sulfate.com\/index.php\/page-d-exemple\/metonomie\/\" class=\"wp-image-127\" srcset=\"https:\/\/laureth-sulfate.com\/wp-content\/uploads\/2020\/10\/metonomie.jpg 500w, https:\/\/laureth-sulfate.com\/wp-content\/uploads\/2020\/10\/metonomie-200x300.jpg 200w\" sizes=\"auto, (max-width: 500px) 100vw, 500px\" \/><figcaption>M\u00e9tonomia N\u00b01  <\/figcaption><\/figure><\/li><li class=\"blocks-gallery-item\"><figure><img loading=\"lazy\" decoding=\"async\" width=\"500\" height=\"750\" src=\"http:\/\/laureth-sulfate.com\/wp-content\/uploads\/2020\/10\/metonomie-laureth-sulfate.jpg\" alt=\"\" data-id=\"128\" data-link=\"http:\/\/laureth-sulfate.com\/index.php\/page-d-exemple\/metonomie-laureth-sulfate\/\" class=\"wp-image-128\" srcset=\"https:\/\/laureth-sulfate.com\/wp-content\/uploads\/2020\/10\/metonomie-laureth-sulfate.jpg 500w, https:\/\/laureth-sulfate.com\/wp-content\/uploads\/2020\/10\/metonomie-laureth-sulfate-200x300.jpg 200w\" sizes=\"auto, (max-width: 500px) 100vw, 500px\" \/><figcaption>M\u00e9tonomia N\u00b02<\/figcaption><\/figure><\/li><\/ul>\n\n\n\n<ul class=\"wp-block-gallery columns-1 is-cropped wp-block-gallery-11 is-layout-flex wp-block-gallery-is-layout-flex\"><li class=\"blocks-gallery-item\"><figure><img loading=\"lazy\" decoding=\"async\" width=\"1024\" height=\"683\" src=\"http:\/\/laureth-sulfate.com\/wp-content\/uploads\/2020\/10\/OPHELIE-laureth-sulfate-1-1024x683.jpg\" alt=\"\" data-id=\"147\" data-link=\"http:\/\/laureth-sulfate.com\/index.php\/page-d-exemple\/ophelie-laureth-sulfate-2\/\" class=\"wp-image-147\" srcset=\"https:\/\/laureth-sulfate.com\/wp-content\/uploads\/2020\/10\/OPHELIE-laureth-sulfate-1-1024x683.jpg 1024w, https:\/\/laureth-sulfate.com\/wp-content\/uploads\/2020\/10\/OPHELIE-laureth-sulfate-1-300x200.jpg 300w, https:\/\/laureth-sulfate.com\/wp-content\/uploads\/2020\/10\/OPHELIE-laureth-sulfate-1-768x512.jpg 768w, https:\/\/laureth-sulfate.com\/wp-content\/uploads\/2020\/10\/OPHELIE-laureth-sulfate-1.jpg 1050w\" sizes=\"auto, (max-width: 767px) 89vw, (max-width: 1000px) 54vw, (max-width: 1071px) 543px, 580px\" \/><figcaption>Oph\u00e9lie <br><\/figcaption><\/figure><\/li><\/ul>\n\n\n\n<div class=\"wp-block-image\"><figure class=\"aligncenter is-resized\"><img loading=\"lazy\" decoding=\"async\" src=\"http:\/\/laureth-sulfate.com\/wp-content\/uploads\/2022\/01\/la-ve\u0301rite\u0301-nu-laureth-sulfate-art.jpg\" alt=\"\" class=\"wp-image-619\" width=\"650\" height=\"496\" srcset=\"https:\/\/laureth-sulfate.com\/wp-content\/uploads\/2022\/01\/la-ve\u0301rite\u0301-nu-laureth-sulfate-art.jpg 650w, https:\/\/laureth-sulfate.com\/wp-content\/uploads\/2022\/01\/la-ve\u0301rite\u0301-nu-laureth-sulfate-art-300x229.jpg 300w\" sizes=\"auto, (max-width: 650px) 100vw, 650px\" \/><figcaption>The truth coming<br><br><\/figcaption><\/figure><\/div>\n\n\n\n<ul class=\"wp-block-gallery columns-1 is-cropped wp-block-gallery-12 is-layout-flex wp-block-gallery-is-layout-flex\"><li class=\"blocks-gallery-item\"><figure><img loading=\"lazy\" decoding=\"async\" width=\"1000\" height=\"667\" src=\"http:\/\/laureth-sulfate.com\/wp-content\/uploads\/2020\/10\/incendium-laureth-Sulfate.jpg\" alt=\"incendium\" data-id=\"180\" data-link=\"http:\/\/laureth-sulfate.com\/incendium-laureth-sulfate\/\" class=\"wp-image-180\" srcset=\"https:\/\/laureth-sulfate.com\/wp-content\/uploads\/2020\/10\/incendium-laureth-Sulfate.jpg 1000w, https:\/\/laureth-sulfate.com\/wp-content\/uploads\/2020\/10\/incendium-laureth-Sulfate-300x200.jpg 300w, https:\/\/laureth-sulfate.com\/wp-content\/uploads\/2020\/10\/incendium-laureth-Sulfate-768x512.jpg 768w\" sizes=\"auto, (max-width: 767px) 89vw, (max-width: 1000px) 54vw, (max-width: 1071px) 543px, 580px\" \/><figcaption>Incandiuem<br>S\u00e9rigraphie &#8211; Format unique  50 X 70 cm<\/figcaption><\/figure><\/li><\/ul>\n\n\n\n<p><strong>Tableaux \u00e0 la vente<\/strong><br>\u00c9dition limit\u00e9e , num\u00e9rot\u00e9e &amp; sign\u00e9e par l&rsquo;artiste<br>Renseignements : <a href=\"mailto:info@laureth-sulfate.com\">info@laureth-sulfate.com<\/a><\/p>\n","protected":false},"excerpt":{"rendered":"<p>Plus d&rsquo;information par mail : info@laureth-sufate.com Tableaux \u00e0 la vente\u00c9dition limit\u00e9e , num\u00e9rot\u00e9e &amp; sign\u00e9e par l&rsquo;artisteRenseignements : info@laureth-sulfate.com<\/p>\n","protected":false},"author":1,"featured_media":95,"parent":0,"menu_order":0,"comment_status":"closed","ping_status":"open","template":"","meta":{"footnotes":""},"class_list":["post-2","page","type-page","status-publish","has-post-thumbnail","hentry"],"_links":{"self":[{"href":"https:\/\/laureth-sulfate.com\/index.php\/wp-json\/wp\/v2\/pages\/2","targetHints":{"allow":["GET"]}}],"collection":[{"href":"https:\/\/laureth-sulfate.com\/index.php\/wp-json\/wp\/v2\/pages"}],"about":[{"href":"https:\/\/laureth-sulfate.com\/index.php\/wp-json\/wp\/v2\/types\/page"}],"author":[{"embeddable":true,"href":"https:\/\/laureth-sulfate.com\/index.php\/wp-json\/wp\/v2\/users\/1"}],"replies":[{"embeddable":true,"href":"https:\/\/laureth-sulfate.com\/index.php\/wp-json\/wp\/v2\/comments?post=2"}],"version-history":[{"count":98,"href":"https:\/\/laureth-sulfate.com\/index.php\/wp-json\/wp\/v2\/pages\/2\/revisions"}],"predecessor-version":[{"id":1365,"href":"https:\/\/laureth-sulfate.com\/index.php\/wp-json\/wp\/v2\/pages\/2\/revisions\/1365"}],"wp:featuredmedia":[{"embeddable":true,"href":"https:\/\/laureth-sulfate.com\/index.php\/wp-json\/wp\/v2\/media\/95"}],"wp:attachment":[{"href":"https:\/\/laureth-sulfate.com\/index.php\/wp-json\/wp\/v2\/media?parent=2"}],"curies":[{"name":"wp","href":"https:\/\/api.w.org\/{rel}","templated":true}]}}