{"id":217,"date":"2020-10-21T16:04:24","date_gmt":"2020-10-21T14:04:24","guid":{"rendered":"http:\/\/laureth-sulfate.com\/?page_id=217"},"modified":"2023-10-31T16:43:34","modified_gmt":"2023-10-31T15:43:34","slug":"photographie","status":"publish","type":"page","link":"https:\/\/laureth-sulfate.com\/index.php\/photographie\/","title":{"rendered":"Photographie"},"content":{"rendered":"\n<p><strong>Tri intensif, Love\nrecycling<\/strong><\/p>\n\n\n\n<figure class=\"wp-block-image is-resized\"><img loading=\"lazy\" decoding=\"async\" src=\"http:\/\/laureth-sulfate.com\/wp-content\/uploads\/2023\/04\/photo-love-recycling.jpg\" alt=\"\" class=\"wp-image-972\" width=\"375\" height=\"545\" srcset=\"https:\/\/laureth-sulfate.com\/wp-content\/uploads\/2023\/04\/photo-love-recycling.jpg 500w, https:\/\/laureth-sulfate.com\/wp-content\/uploads\/2023\/04\/photo-love-recycling-207x300.jpg 207w\" sizes=\"auto, (max-width: 375px) 100vw, 375px\" \/><figcaption>Love recycling &#8211; Photographie, 2023<\/figcaption><\/figure>\n\n\n\n<p>Non ! vraiment\u2026Moi, vous, pourquoi ?<br>Ne me regardez pas, je n\u2019en vaut pas la peine.<br>Je suis l\u2019inexorable obsession qui va vous engloutir,<br>Vous ab\u00eemer\u2026 contre ma volont\u00e9 !<br>Je suis le feu qui fascine et consume, \u00e9vanescente.<br>La vie n\u2019est qu\u2019une suite d&rsquo;instantan\u00e9s, une fuite de moments pr\u00e9cieux qui s\u2019estompent \u00e0 la vitesse des vagues se brisant sur la coque des bateaux. <br><br>Les visages souriants, les rires partag\u00e9s, les couchers de soleil flamboyants&#8230; Tout cela, aussi \u00e9clatant et r\u00e9jouissant soit-il, se fond dans le tissu des souvenirs. La beaut\u00e9 elle-m\u00eame est \u00e9ph\u00e9m\u00e8re, un papillon qui s&rsquo;envole au moindre souffle de vent.<br>Ces instantan\u00e9s de bonheur et de beaut\u00e9 ne sont qu\u2019expirations tourn\u00e9es vers les limbes du temps cannibale.<br>Le pass\u00e9 est derri\u00e8re nous, le futur est incertain. Seul l&rsquo;instant pr\u00e9sent est palpable, r\u00e9el, vibrant d&rsquo;une intensit\u00e9 insoup\u00e7onn\u00e9e, puissante mais inaccessible \u00e0 l\u2019insensible assoupi.<\/p>\n\n\n\n<p>Dormeur, r\u00e9veille-toi ! C&rsquo;est ici, maintenant, que r\u00e9side le v\u00e9ritable bonheur. Dans cet instant o\u00f9 la lumi\u00e8re froide de l\u2019hiver fait frissonner ma peau, o\u00f9 le vent narquois joue avec mes cheveux, o\u00f9 mon regard bleu Klein se perd dans le miroitement proph\u00e9tique de l\u2019eau d\u00e9goulinant des baleines de mon parapluie.<br>Oh que je puisse seulement m&rsquo;abandonner \u00e0 cet \u00e9ph\u00e9m\u00e8re. M\u2019enivrer de sa douceur volatile. Laisser les soucis les attentes et les frustrations au casier des objets inutiles.<br>Que je trouve enfin la paix, la s\u00e9r\u00e9nit\u00e9 et la gratitude d\u2019\u00eatre une \u00e9toile dans un archipel de com\u00e8tes filantes. <br>Je savoure l\u2019instant fugace, je trouve la pl\u00e9nitude, la l\u00e9g\u00e8ret\u00e9 et la promesse d&rsquo;un avenir dont je serai seule l\u2019artiste.<br>Juste s&rsquo;\u00e9vaporer et s&rsquo;impr\u00e9gner de la sensation du vent sur ma peau, en harmonie avec l&rsquo;\u00e9ternit\u00e9 de mes ressentis instinctifs.<br>Ah l\u2019instinct\u2026 Je ne vois rien de mieux pour choisir son destin.<br>Maintenant laissez-moi,<br>Ouste ! Du balai ! <br>C\u2019est la saison nouvelle, il faut faire le tri : r\u00e9clame !Foutez-moi la paix, je vous dis <br>Merlin K<\/p>\n\n\n\n<div class=\"_3d-flip-book  fb3d-fullscreen-mode full-size\" data-id=\"1045\" data-mode=\"fullscreen\" data-title=\"false\" data-template=\"short-white-book-view\" data-lightbox=\"dark-shadow\" data-urlparam=\"fb3d-page\" data-page-n=\"0\" data-pdf=\"\" data-tax=\"null\" data-thumbnail=\"\" data-cols=\"3\" data-book-template=\"default\" data-trigger=\"\"><\/div><script type=\"text\/javascript\">window.FB3D_CLIENT_DATA = window.FB3D_CLIENT_DATA || [];FB3D_CLIENT_DATA.push('eyJwb3N0cyI6eyIxMDQ1Ijp7IklEIjoxMDQ1LCJ0aXRsZSI6IlVuIG1vbmRlIGhvcnMgZGUgc2VzIGdvbmRzIiwidHlwZSI6InBkZiIsInJlYWR5X2Z1bmN0aW9uIjoiIiwiYm9va19zdHlsZSI6ImZsYXQiLCJib29rX3RlbXBsYXRlIjoibm9uZSIsIm91dGxpbmUiOltdLCJkYXRhIjp7InBvc3RfSUQiOiIyMjQiLCJndWlkIjoiaHR0cDpcL1wvbGF1cmV0aC1zdWxmYXRlLmNvbVwvd3AtY29udGVudFwvdXBsb2Fkc1wvMjAyMFwvMTBcL0xhdXJldGgtc3VsZmF0ZS11bi1tb25kZS1ob3JzLWRlLXNlcy1nb25kcy0yLTIucGRmIiwicGRmX3BhZ2VzIjoiMTgiLCJwYWdlc19jdXN0b21pemF0aW9uIjoibm9uZSJ9LCJ0aHVtYm5haWwiOnsiZGF0YSI6eyJwb3N0X0lEIjoiMCJ9LCJ0eXBlIjoiYXV0byJ9LCJwcm9wcyI6eyJjYWNoZWRQYWdlcyI6ImF1dG8iLCJyZW5kZXJJbmFjdGl2ZVBhZ2VzIjoiYXV0byIsInJlbmRlckluYWN0aXZlUGFnZXNPbk1vYmlsZSI6ImF1dG8iLCJyZW5kZXJXaGlsZUZsaXBwaW5nIjoiYXV0byIsInByZWxvYWRQYWdlcyI6ImF1dG8iLCJydGwiOiJhdXRvIiwiaW50ZXJhY3RpdmVDb3JuZXJzIjoiYXV0byIsInNoZWV0Ijp7InN0YXJ0VmVsb2NpdHkiOiJhdXRvIiwid2F2ZSI6ImF1dG8iLCJzaGFwZSI6ImF1dG8iLCJ3aWR0aFRleGVscyI6ImF1dG8iLCJjb2xvciI6ImF1dG8iLCJzaWRlIjoiYXV0byIsImNvcm5lckRldmlhdGlvbiI6ImF1dG8iLCJmbGV4aWJpbGl0eSI6ImF1dG8iLCJmbGV4aWJsZUNvcm5lciI6ImF1dG8iLCJiZW5kaW5nIjoiYXV0byIsImhlaWdodFRleGVscyI6ImF1dG8ifSwiY292ZXIiOnsid2F2ZSI6ImF1dG8iLCJjb2xvciI6ImF1dG8iLCJiaW5kZXJUZXh0dXJlIjoiYXV0byIsImRlcHRoIjoiYXV0byIsInBhZGRpbmciOiJhdXRvIiwic3RhcnRWZWxvY2l0eSI6ImF1dG8iLCJmbGV4aWJpbGl0eSI6ImF1dG8iLCJmbGV4aWJsZUNvcm5lciI6ImF1dG8iLCJiZW5kaW5nIjoiYXV0byIsIndpZHRoVGV4ZWxzIjoiYXV0byIsImhlaWdodFRleGVscyI6ImF1dG8iLCJtYXNzIjoiYXV0byIsInNpZGUiOiJhdXRvIiwic2hhcGUiOiJhdXRvIn0sInBhZ2UiOnsid2F2ZSI6ImF1dG8iLCJjb2xvciI6ImF1dG8iLCJkZXB0aCI6ImF1dG8iLCJzdGFydFZlbG9jaXR5IjoiYXV0byIsImZsZXhpYmlsaXR5IjoiYXV0byIsImZsZXhpYmxlQ29ybmVyIjoiYXV0byIsImJlbmRpbmciOiJhdXRvIiwid2lkdGhUZXhlbHMiOiJhdXRvIiwiaGVpZ2h0VGV4ZWxzIjoiYXV0byIsIm1hc3MiOiJhdXRvIiwic2lkZSI6ImF1dG8iLCJzaGFwZSI6ImF1dG8ifSwiaGVpZ2h0IjoiYXV0byIsIndpZHRoIjoiYXV0byIsImdyYXZpdHkiOiJhdXRvIiwicGFnZXNGb3JQcmVkaWN0aW5nIjoiYXV0byJ9LCJjb250cm9sUHJvcHMiOnsiYWN0aW9ucyI6eyJjbWRTYXZlIjp7ImVuYWJsZWQiOiJhdXRvIiwiZW5hYmxlZEluTmFycm93IjoiYXV0byJ9LCJjbWRQcmludCI6eyJlbmFibGVkIjoiYXV0byIsImVuYWJsZWRJbk5hcnJvdyI6ImF1dG8ifSwiY21kU2luZ2xlUGFnZSI6eyJlbmFibGVkIjoiYXV0byIsImVuYWJsZWRJbk5hcnJvdyI6ImF1dG8iLCJhY3RpdmUiOiJhdXRvIiwiYWN0aXZlRm9yTW9iaWxlIjoiYXV0byJ9fX0sImF1dG9UaHVtYm5haWwiOiJodHRwczpcL1wvbGF1cmV0aC1zdWxmYXRlLmNvbVwvd3AtY29udGVudFwvdXBsb2Fkc1wvM2QtZmxpcC1ib29rXC9hdXRvLXRodW1ibmFpbHNcLzEwNDUucG5nIiwicG9zdF9uYW1lIjoidW4tbW9uZGUtaG9ycy1kZS1zZXMtZ29uZHMiLCJwb3N0X3R5cGUiOiIzZC1mbGlwLWJvb2sifX0sInBhZ2VzIjpbXSwiZmlyc3RQYWdlcyI6W119');window.FB3D_CLIENT_LOCALE && FB3D_CLIENT_LOCALE.render && FB3D_CLIENT_LOCALE.render();<\/script>\n\n\n\n<div class=\"wp-block-file alignleft\"><a href=\"http:\/\/laureth-sulfate.com\/wp-content\/uploads\/2020\/10\/Laureth-sulfate-un-monde-hors-de-ses-gonds-2.pdf\">Laureth sulfate &#8211; un monde hors de ses gonds 2<\/a><a href=\"http:\/\/laureth-sulfate.com\/wp-content\/uploads\/2020\/10\/Laureth-sulfate-un-monde-hors-de-ses-gonds-2.pdf\" class=\"wp-block-file__button\" download>T\u00e9l\u00e9charger<\/a><\/div>\n\n\n\n\n\n<p><\/p>\n\n\n\n<p><\/p>\n\n\n\n<p>Laureth Sulfate\u00a0est une artiste contemporaine fran\u00e7aise dont la pratique inclut sculpture, installation, chant, performance, vid\u00e9o, photographie, street-art\u2026<br>Au fil de son \u0153uvre, Laureth Sulfate scrute le corps dans ses rapports \u00e0 l\u2019environnement, par son mouvement, ses extensions. La performance <em>M\u00e9tonomia<\/em> [m\u00e9tonymie] (2019) inaugure en un sens cette dynamique. Dans un champ, de profil, v\u00eatue de burka et tenant \u00e0 la main des bouteilles de gaz, dansant autour d\u2019un feu, Laureth Sulfate s\u2019affiche et se d\u00e9ploie jusqu\u2019\u00e0 l\u2019absurde\u2026 Au fil de son travail, les masques et extensions corporelles de Laureth Sulfate cr\u00e9ent la figure d\u2019une sainte rebelle des temps modernes tentant d\u2019\u00e9chapper au combat, glissant de la figure d\u2019Icare \u00e0 celle de D\u00e9dale.<\/p>\n\n\n\n<p>Son travail photographique questionne les interactions humaines sur le plan de l\u2019identit\u00e9 et du pouvoir dans un imaginaire d\u00e9cal\u00e9 empreint d\u2019humour et de spiritualit\u00e9.<br>Dans l\u2019abondance de la production artistique f\u00e9ministe et des r\u00e9flexions contemporaines sur la condition des femmes, ses recherches abordent plus largement la question de la vuln\u00e9rabilit\u00e9 de l\u2019humain qui lui fait admettre certaines soumissions, par ignorance, par facilit\u00e9, mais aussi par compassion, courage, amour ou fid\u00e9lit\u00e9\u2026<br>Le corps f\u00e9minin partiellement dissimul\u00e9 sous des \u00e9toffes laisse transpara\u00eetre et souligner, \u00e0 la fa\u00e7on d\u2019un masque, la complexit\u00e9 et les paradoxes de la condition humaine.<\/p>\n\n\n\n<p>Dans \u00ab&nbsp;un monde hors de ses gonds \u00bb, ses pi\u00e8ces proposent un certain regard sur notre soci\u00e9t\u00e9 et ses impostures, une vision entre Terre et Ciel par le vecteur de l\u2019humain et de ses repr\u00e9sentations, qu\u2019elles soient religieuses, sociales ou identitaires.<\/p>\n","protected":false},"excerpt":{"rendered":"<p>Tri intensif, Love recycling Non ! vraiment\u2026Moi, vous, pourquoi ?Ne me regardez pas, je n\u2019en vaut pas la peine.Je suis l\u2019inexorable obsession qui va vous engloutir,Vous ab\u00eemer\u2026 contre ma volont\u00e9 !Je suis le feu qui fascine et consume, \u00e9vanescente.La vie n\u2019est qu\u2019une suite d&rsquo;instantan\u00e9s, une fuite de moments pr\u00e9cieux qui s\u2019estompent \u00e0 la vitesse des &hellip; <\/p>\n<p class=\"link-more\"><a href=\"https:\/\/laureth-sulfate.com\/index.php\/photographie\/\" class=\"more-link\">Continuer la lecture<span class=\"screen-reader-text\"> de &laquo;&nbsp;Photographie&nbsp;&raquo;<\/span><\/a><\/p>\n","protected":false},"author":1,"featured_media":0,"parent":0,"menu_order":0,"comment_status":"closed","ping_status":"closed","template":"","meta":{"footnotes":""},"class_list":["post-217","page","type-page","status-publish","hentry"],"_links":{"self":[{"href":"https:\/\/laureth-sulfate.com\/index.php\/wp-json\/wp\/v2\/pages\/217","targetHints":{"allow":["GET"]}}],"collection":[{"href":"https:\/\/laureth-sulfate.com\/index.php\/wp-json\/wp\/v2\/pages"}],"about":[{"href":"https:\/\/laureth-sulfate.com\/index.php\/wp-json\/wp\/v2\/types\/page"}],"author":[{"embeddable":true,"href":"https:\/\/laureth-sulfate.com\/index.php\/wp-json\/wp\/v2\/users\/1"}],"replies":[{"embeddable":true,"href":"https:\/\/laureth-sulfate.com\/index.php\/wp-json\/wp\/v2\/comments?post=217"}],"version-history":[{"count":13,"href":"https:\/\/laureth-sulfate.com\/index.php\/wp-json\/wp\/v2\/pages\/217\/revisions"}],"predecessor-version":[{"id":1260,"href":"https:\/\/laureth-sulfate.com\/index.php\/wp-json\/wp\/v2\/pages\/217\/revisions\/1260"}],"wp:attachment":[{"href":"https:\/\/laureth-sulfate.com\/index.php\/wp-json\/wp\/v2\/media?parent=217"}],"curies":[{"name":"wp","href":"https:\/\/api.w.org\/{rel}","templated":true}]}}