{"id":8,"date":"2020-10-10T18:11:45","date_gmt":"2020-10-10T16:11:45","guid":{"rendered":"http:\/\/laureth-sulfate.com\/?page_id=8"},"modified":"2026-02-26T13:29:14","modified_gmt":"2026-02-26T12:29:14","slug":"accueil","status":"publish","type":"page","link":"https:\/\/laureth-sulfate.com\/","title":{"rendered":"Accueil"},"content":{"rendered":"\n<p><strong>Actualit\u00e9s<\/strong><\/p>\n\n\n\n<figure class=\"wp-block-image size-large\"><img loading=\"lazy\" decoding=\"async\" width=\"732\" height=\"1024\" src=\"https:\/\/laureth-sulfate.com\/wp-content\/uploads\/2026\/02\/Affiche-Bicentenaire-de-la-photographie-Laureth-sulfate-exposition-732x1024.jpg\" alt=\"\" class=\"wp-image-1842\" srcset=\"https:\/\/laureth-sulfate.com\/wp-content\/uploads\/2026\/02\/Affiche-Bicentenaire-de-la-photographie-Laureth-sulfate-exposition-732x1024.jpg 732w, https:\/\/laureth-sulfate.com\/wp-content\/uploads\/2026\/02\/Affiche-Bicentenaire-de-la-photographie-Laureth-sulfate-exposition-214x300.jpg 214w, https:\/\/laureth-sulfate.com\/wp-content\/uploads\/2026\/02\/Affiche-Bicentenaire-de-la-photographie-Laureth-sulfate-exposition-768x1075.jpg 768w, https:\/\/laureth-sulfate.com\/wp-content\/uploads\/2026\/02\/Affiche-Bicentenaire-de-la-photographie-Laureth-sulfate-exposition-1097x1536.jpg 1097w, https:\/\/laureth-sulfate.com\/wp-content\/uploads\/2026\/02\/Affiche-Bicentenaire-de-la-photographie-Laureth-sulfate-exposition.jpg 1286w\" sizes=\"auto, (max-width: 732px) 100vw, 732px\" \/><\/figure>\n\n\n\n<figure class=\"wp-block-image size-large\"><img loading=\"lazy\" decoding=\"async\" width=\"724\" height=\"1024\" src=\"https:\/\/laureth-sulfate.com\/wp-content\/uploads\/2026\/02\/Affiches-Stages-street-art-.-Laureth-Sulfate-1-724x1024.png\" alt=\"\" class=\"wp-image-1830\" srcset=\"https:\/\/laureth-sulfate.com\/wp-content\/uploads\/2026\/02\/Affiches-Stages-street-art-.-Laureth-Sulfate-1-724x1024.png 724w, https:\/\/laureth-sulfate.com\/wp-content\/uploads\/2026\/02\/Affiches-Stages-street-art-.-Laureth-Sulfate-1-212x300.png 212w, https:\/\/laureth-sulfate.com\/wp-content\/uploads\/2026\/02\/Affiches-Stages-street-art-.-Laureth-Sulfate-1-768x1086.png 768w, https:\/\/laureth-sulfate.com\/wp-content\/uploads\/2026\/02\/Affiches-Stages-street-art-.-Laureth-Sulfate-1-1086x1536.png 1086w, https:\/\/laureth-sulfate.com\/wp-content\/uploads\/2026\/02\/Affiches-Stages-street-art-.-Laureth-Sulfate-1.png 1414w\" sizes=\"auto, (max-width: 724px) 100vw, 724px\" \/><\/figure>\n\n\n\n<p>Lien d&rsquo;inscription :<a href=\"https:\/\/lesateliersterreaux.fr\/stages\/street-art\/#preinscription\">https:\/\/lesateliersterreaux.fr\/stages\/street-art\/#preinscription<\/a><\/p>\n\n\n<div class=\"wp-block-image is-resized\">\n<figure class=\"aligncenter\"><img loading=\"lazy\" decoding=\"async\" width=\"500\" height=\"667\" src=\"http:\/\/laureth-sulfate.com\/wp-content\/uploads\/2023\/04\/street-art-pave.jpg\" alt=\"\" class=\"wp-image-935\" srcset=\"https:\/\/laureth-sulfate.com\/wp-content\/uploads\/2023\/04\/street-art-pave.jpg 500w, https:\/\/laureth-sulfate.com\/wp-content\/uploads\/2023\/04\/street-art-pave-225x300.jpg 225w\" sizes=\"auto, (max-width: 500px) 100vw, 500px\" \/><figcaption class=\"wp-element-caption\">Corona girls, sur pav\u00e9 de Lyon <\/figcaption><\/figure>\n<\/div>\n\n<p><em>Laureth Sulfate \u2014 Vit et travaille \u00e0 Lyon (France) \u2013 <\/em><\/p>\n<p><em>Dipl\u00f4m\u00e9e de l\u2019\u00e9cole nationale sup\u00e9rieur des Beaux-arts de Lyon (DNSEP)<br \/><\/em><\/p>\n<p>Laureth Sulfate est une artiste contemporaine fran\u00e7aise, dipl\u00f4m\u00e9e de l&rsquo;\u00e9cole nationale sup\u00e9rieure des Beaux-arts de Lyon. Son travail artistique est centr\u00e9 autour de la repr\u00e9sentation du corps f\u00e9minin, consid\u00e9r\u00e9 comme expression du divin et miroir d&rsquo;une civilisation \u00e0 la fois psych\u00e9d\u00e9lique, joyeuse, profonde, dramatique et sensuelle. <br \/>Elle cr\u00e9e des \u0153uvres d&rsquo;art immersives et interactives, invitant le public \u00e0 s&rsquo;engager avec son art de mani\u00e8re vivante. <br \/>En transcendant les limites de la photographie et de l&rsquo;art num\u00e9rique traditionnels gr\u00e2ce \u00e0 la technologie et son environnement, elle donne vie \u00e0 ses installations.<\/p>\n<p><em>Le parapluie du po\u00e8te re\u00e7oit une pluie de cendres alors que des cort\u00e8ges de fleurs et de femmes d\u00e9filent dans son art.<\/em><\/p>\n\n\n<figure class=\"wp-block-gallery has-nested-images columns-default is-cropped wp-block-gallery-1 is-layout-flex wp-block-gallery-is-layout-flex\">\n<figure class=\"wp-block-image\"><img loading=\"lazy\" decoding=\"async\" width=\"500\" height=\"667\" data-id=\"933\" src=\"https:\/\/laureth-sulfate.com\/wp-content\/uploads\/2023\/04\/sororibus-street-art-sur-bois.jpg\" alt=\"\" class=\"wp-image-933\" srcset=\"https:\/\/laureth-sulfate.com\/wp-content\/uploads\/2023\/04\/sororibus-street-art-sur-bois.jpg 500w, https:\/\/laureth-sulfate.com\/wp-content\/uploads\/2023\/04\/sororibus-street-art-sur-bois-225x300.jpg 225w\" sizes=\"auto, (max-width: 500px) 100vw, 500px\" \/><figcaption class=\"wp-element-caption\">Les soeurs contraires, collage et bombe sur bois<\/figcaption><\/figure>\n\n\n\n<figure class=\"wp-block-image\"><img loading=\"lazy\" decoding=\"async\" width=\"500\" height=\"694\" data-id=\"113\" src=\"https:\/\/laureth-sulfate.com\/wp-content\/uploads\/2020\/10\/laureth-sulfate-streetart-2.jpg\" alt=\"\" class=\"wp-image-113\" srcset=\"https:\/\/laureth-sulfate.com\/wp-content\/uploads\/2020\/10\/laureth-sulfate-streetart-2.jpg 500w, https:\/\/laureth-sulfate.com\/wp-content\/uploads\/2020\/10\/laureth-sulfate-streetart-2-216x300.jpg 216w\" sizes=\"auto, (max-width: 500px) 100vw, 500px\" \/><figcaption class=\"wp-element-caption\">Ties Wearing pigs, photographie &amp; art num\u00e9rique, 120 cm X 80 cm<\/figcaption><\/figure>\n<\/figure>\n\n\n<div class=\"wp-block-image\">\n<figure class=\"aligncenter is-resized\"><img loading=\"lazy\" decoding=\"async\" width=\"500\" height=\"856\" src=\"http:\/\/laureth-sulfate.com\/wp-content\/uploads\/2023\/04\/moto-street-art.jpg\" alt=\"\" class=\"wp-image-931\" style=\"width:375px;height:642px\" srcset=\"https:\/\/laureth-sulfate.com\/wp-content\/uploads\/2023\/04\/moto-street-art.jpg 500w, https:\/\/laureth-sulfate.com\/wp-content\/uploads\/2023\/04\/moto-street-art-175x300.jpg 175w\" sizes=\"auto, (max-width: 500px) 100vw, 500px\" \/><figcaption class=\"wp-element-caption\"> <em>Running on empty<\/em>, collage et bombe sur r\u00e9servoir<\/figcaption><\/figure>\n<\/div>\n\n<div class=\"wp-block-image\">\n<figure class=\"aligncenter\"><img loading=\"lazy\" decoding=\"async\" width=\"1024\" height=\"430\" src=\"http:\/\/laureth-sulfate.com\/wp-content\/uploads\/2023\/04\/lebaldesabeilles-1024x430.jpg\" alt=\"\" class=\"wp-image-975\" srcset=\"https:\/\/laureth-sulfate.com\/wp-content\/uploads\/2023\/04\/lebaldesabeilles-1024x430.jpg 1024w, https:\/\/laureth-sulfate.com\/wp-content\/uploads\/2023\/04\/lebaldesabeilles-300x126.jpg 300w, https:\/\/laureth-sulfate.com\/wp-content\/uploads\/2023\/04\/lebaldesabeilles-768x322.jpg 768w, https:\/\/laureth-sulfate.com\/wp-content\/uploads\/2023\/04\/lebaldesabeilles.jpg 1191w\" sizes=\"auto, (max-width: 767px) 89vw, (max-width: 1000px) 54vw, (max-width: 1071px) 543px, 580px\" \/><\/figure>\n<\/div>\n\n<div class=\"wp-block-image\">\n<figure class=\"aligncenter\"><img loading=\"lazy\" decoding=\"async\" width=\"1024\" height=\"576\" src=\"http:\/\/laureth-sulfate.com\/wp-content\/uploads\/2023\/04\/lebaldesabeilles-laurethsulfate-streetart-1024x576.jpg\" alt=\"\" class=\"wp-image-977\" srcset=\"https:\/\/laureth-sulfate.com\/wp-content\/uploads\/2023\/04\/lebaldesabeilles-laurethsulfate-streetart-1024x576.jpg 1024w, https:\/\/laureth-sulfate.com\/wp-content\/uploads\/2023\/04\/lebaldesabeilles-laurethsulfate-streetart-300x169.jpg 300w, https:\/\/laureth-sulfate.com\/wp-content\/uploads\/2023\/04\/lebaldesabeilles-laurethsulfate-streetart-768x432.jpg 768w, https:\/\/laureth-sulfate.com\/wp-content\/uploads\/2023\/04\/lebaldesabeilles-laurethsulfate-streetart.jpg 2048w\" sizes=\"auto, (max-width: 767px) 89vw, (max-width: 1000px) 54vw, (max-width: 1071px) 543px, 580px\" \/><figcaption class=\"wp-element-caption\">Fresque \u00ab\u00a0le bal des abeilles\u00a0\u00bb,   Hommage \u00e0 Suzanne No\u00ebl , H\u00f4tel de  ville d &lsquo;Issoire. 6m x 2m50<br><br><\/figcaption><\/figure>\n<\/div>\n\n\n<p><strong>Le bestiaire de Laureth Sulfate <\/strong><br><br>\n Des \u0153uvres sucr\u00e9es comme des pralines, des portraits troublants comme \nle parfum du bigaradier. Une sorte de promesse d\u2019exotisme \u00e0 l\u2019arri\u00e8re \nd\u2019une traboule. Bref\u2026un \u00e9change d\u2019\u00e2me \u00e0 homme, dame \u00e0 \u00e2me, comme un r\u00eave\n \u00e9veill\u00e9. Voil\u00e0 ce que nous donne \u00e0 voir, \u00e0 toucher, \u00e0 entendre, \u00e0 \nsentir et \u00e0 manger Laureth Sulfate !<br><br> \u00ab\u00a0Le Bestiaire ou Cort\u00e8ge \nd\u2019Orph\u00e9e\u00a0\u00bb est le premier recueil de po\u00e8mes publi\u00e9 par Guillaume \nApollinaire, en 1911, avec pour projet avou\u00e9 de montrer que la po\u00e9sie \nest une forme \u00ab\u00a0impressive\u00a0\u00bb de la peinture. Picasso refusa la commande \nd\u2019illustrer ce texte, \u00e0 laquelle souscrivit Dufy. A un si\u00e8cle de \ndistance, la convergence reste \u00e9vidente, entre un langage pictural \nnum\u00e9rique et une \u00e9criture po\u00e9tique moderne : le retour \u00e0 une forme de \nprimitivit\u00e9, y compris dans ce qu\u2019elle a de populaire, permet en toute \nlibert\u00e9 une cr\u00e9ation po\u00e9tique originale et innovante. A bien des \u00e9gards,\n toutes les cr\u00e9ations num\u00e9riques de Laureth Sulfate proc\u00e8dent de \nl&rsquo;exp\u00e9rimentation po\u00e9tique. Car la po\u00e9sie, \u00ab\u00a0cette c\u00e9l\u00e9bration conjointe \ndu beau et du bon\u00a0\u00bb, v\u00e9ritable art de vivre spirituel, est, nous ne \npouvons plus l&rsquo;ignorer depuis le po\u00e8te Fran\u00e7ois Montmaneix (prix \nApollinaire 2003), autant affaire d&rsquo;images ou de musiques ou de \npeintures ou de sculptures, que de mots. Dans \u00ab\u00a0Ties wearing pigs\u00a0\u00bb, par \nexemple, pourrait se lire une r\u00e9interpr\u00e9tation du mythe de Circ\u00e9, la \nmagicienne qui transforma en cochons les compagnons d&rsquo;Ulysse, \u00e9chou\u00e9s \nsur son \u00eele. La figure de la magicienne\/femme, qu&rsquo;elle revendique pour \nelle-m\u00eame, \u00e0 la fois \u00e9prise et ma\u00eetresse de l&rsquo;homme r\u00e9duit au statut \nd&rsquo;animal, trouve aussi ses semblables dans des folklores d&rsquo;autres \ncultures. Surtout, elle s&rsquo;est perp\u00e9tu\u00e9e sous diverses formes \u00e0 travers \nles si\u00e8cles, passant curieusement de l&rsquo;image de sorci\u00e8re mal\u00e9fique \u00e0 \ncelle de \u00ab femme libre\u00bb. Le cochon rev\u00eatant alors la cravate du porc \nm\u00e9taphorique et le plus souvent bourgeois, balanc\u00e9 par une soci\u00e9t\u00e9 en \nqu\u00eate de victimes expiatoires d&rsquo;une violence ubiquitaire. De m\u00eame avec \nle mythe moderne du Joker, issu de la culture pop am\u00e9ricaine des comics,\n d\u00e9tourn\u00e9 dans le tableau \u00ab&nbsp;Dove idol&nbsp;\u00bb, par la figure quasi mariale \nd\u2019une Harley Quinn au rictus romantique, d\u00e9peinte dans une ambiance \nv\u00e9g\u00e9tale victorienne. L\u2019ensemble \u00e9tant \u00e0 l\u2019origine doubl\u00e9 d\u2019un \u00e9crit du \njeune po\u00e8te Dreidemie, \u00e0 l\u2019inspiration sous acide et aux accents \nschizophr\u00e8nes plus vrais que nature. <br><br> Que sa d\u00e9marche porte \nsur la \u00ab\u00a0r\u00e9-\u00e9criture\u00a0\u00bb des grandes sc\u00e8nes mythologiques (Ties wearing \npigs, Sirens smiling at you) ; sur l&rsquo;illustration du tragique \nShakespearien (Oph\u00e9lie) ; sur la d\u00e9nonciation des ab\u00e9rrations \ndogmatiques de pratiques religieuses asservissantes et insupportables \n(s\u00e9rie Mettre les voiles)&nbsp; ; sur l&rsquo;ultraproductivisme de Cit\u00e9s \nbidonvilles \u00ab&nbsp;Nougaresques&nbsp;\u00bb, touch\u00e9es n\u00e9anmoins par la gr\u00e2ce de la \nr\u00e9v\u00e9lation d&rsquo;une beaut\u00e9 omnisciente (s\u00e9rie Un monde hors de ses gonds) ;\n sur l&rsquo;urgence sanitaire qui d\u00e9coule du m\u00e9susage de nos richesses \nnaturelles communes (s\u00e9rie des Corona girls) ; ou encore sur l&rsquo;urgence \ndu r\u00e9chauffement climatique face \u00e0 nos gouvernants majoritairement \nirresponsables (s\u00e9rie Art against oil) et \u00e0 l&rsquo;origine d&rsquo;une humanit\u00e9 \nd\u00e9rivante ouvertement f\u00e9ministe, en qu\u00eate d&rsquo;un nouvel Eden \u00e0 l&rsquo;\u00e9vidence \nutopique (fresque monumentale Le bal des abeilles).&nbsp; <\/p>\n\n\n\n<iframe loading=\"lazy\" src=\"https:\/\/www.youtube.com\/embed\/8T6gFpJSDMM\" allow=\"accelerometer; autoplay; clipboard-write; encrypted-media; gyroscope; picture-in-picture\" allowfullscreen=\"\" width=\"660\" height=\"415\" frameborder=\"0\"><\/iframe>\n\n\n\n<p>The Sirens Smiling at You<em><br><\/em>The&nbsp; smile of the Joker Woman &#8211;&nbsp; Faced with the metamorphosis of the world, the fallen sirens keep smiling&nbsp; under a rain of dollar bills.<\/p>\n\n\n\n<figure class=\"wp-block-gallery has-nested-images columns-default is-cropped wp-block-gallery-2 is-layout-flex wp-block-gallery-is-layout-flex\">\n<figure class=\"wp-block-image\"><img loading=\"lazy\" decoding=\"async\" width=\"650\" height=\"678\" data-id=\"14\" src=\"https:\/\/laureth-sulfate.com\/wp-content\/uploads\/2020\/10\/corona-laureth.jpg\" alt=\"Je s\u00e8me \u00e0 tout vent - Laureth Sulfate Street art\" class=\"wp-image-14\" srcset=\"https:\/\/laureth-sulfate.com\/wp-content\/uploads\/2020\/10\/corona-laureth.jpg 650w, https:\/\/laureth-sulfate.com\/wp-content\/uploads\/2020\/10\/corona-laureth-288x300.jpg 288w\" sizes=\"auto, (max-width: 650px) 100vw, 650px\" \/><figcaption class=\"wp-element-caption\">Je s\u00e8me \u00e0 tout vent,  Street-art in situe, <\/figcaption><\/figure>\n\n\n\n<figure class=\"wp-block-image\"><img loading=\"lazy\" decoding=\"async\" width=\"600\" height=\"777\" data-id=\"412\" src=\"https:\/\/laureth-sulfate.com\/wp-content\/uploads\/2021\/04\/street-art-the-siren-joke.jpg\" alt=\"street-art\" class=\"wp-image-412\" srcset=\"https:\/\/laureth-sulfate.com\/wp-content\/uploads\/2021\/04\/street-art-the-siren-joke.jpg 600w, https:\/\/laureth-sulfate.com\/wp-content\/uploads\/2021\/04\/street-art-the-siren-joke-232x300.jpg 232w\" sizes=\"auto, (max-width: 600px) 100vw, 600px\" \/><figcaption class=\"wp-element-caption\">The Sirens Smiling at You, street-art<\/figcaption><\/figure>\n<\/figure>\n\n\n<div class=\"wp-block-image\">\n<figure class=\"aligncenter is-resized\"><img loading=\"lazy\" decoding=\"async\" width=\"500\" height=\"667\" src=\"http:\/\/laureth-sulfate.com\/wp-content\/uploads\/2023\/04\/dark-vador-laureth-sulfate.jpg\" alt=\"\" class=\"wp-image-928\" style=\"width:375px;height:500px\" srcset=\"https:\/\/laureth-sulfate.com\/wp-content\/uploads\/2023\/04\/dark-vador-laureth-sulfate.jpg 500w, https:\/\/laureth-sulfate.com\/wp-content\/uploads\/2023\/04\/dark-vador-laureth-sulfate-225x300.jpg 225w\" sizes=\"auto, (max-width: 500px) 100vw, 500px\" \/><figcaption class=\"wp-element-caption\">Dark Krystal<em>, photographie &amp; art num\u00e9rique\ufeff<\/em><\/figcaption><\/figure>\n<\/div>\n\n\n<figure class=\"wp-block-gallery has-nested-images columns-default is-cropped wp-block-gallery-3 is-layout-flex wp-block-gallery-is-layout-flex\">\n<figure class=\"wp-block-image\"><img loading=\"lazy\" decoding=\"async\" width=\"500\" height=\"667\" data-id=\"930\" src=\"https:\/\/laureth-sulfate.com\/wp-content\/uploads\/2023\/04\/la-vierge-au-parapluie-street-art.jpg\" alt=\"\" class=\"wp-image-930\" srcset=\"https:\/\/laureth-sulfate.com\/wp-content\/uploads\/2023\/04\/la-vierge-au-parapluie-street-art.jpg 500w, https:\/\/laureth-sulfate.com\/wp-content\/uploads\/2023\/04\/la-vierge-au-parapluie-street-art-225x300.jpg 225w\" sizes=\"auto, (max-width: 500px) 100vw, 500px\" \/><figcaption class=\"wp-element-caption\">La vierge au parapluie, photographie sur bois<\/figcaption><\/figure>\n<\/figure>\n\n\n\n<p>Laureth Sulfate\nfait mouche sur tous les sujets : Bang bang ! Ces \u0153uvres dupliqu\u00e9es\nr\u00e9guli\u00e8rement en Art de rue et rep\u00e9r\u00e9es par des \u00e9diteurs, font d\u00e9sormais\nl\u2019objet de publications dans des livres d\u2019art internationaux tels que le \u00ab\nStreet art in&nbsp;the time of Corona \u00bb, ou le \u00ab\u00a0Street art against oil and\nglobal warming\u00a0\u00bb, tous deux chez Graffito. Sans oublier \u00ab Beyond words \u00bb de\nCindi Adler, une publication dans \u00ab le Monde International \u00bb et une citation\nr\u00e9cente du magazine Artension sous la plume de Fran\u00e7oise Monnin.<\/p>\n\n\n\n<p>Quoi\nqu\u2019il en soit, dans ce monde bord\u00e9lique dont t\u00e9moigne Laureth\nSulfate, \u00e0 la suite de Georges P\u00e9rec dans son roman \u00ab\u00a0La vie mode\nd&#8217;emploi\u00a0\u00bb ou Louis Aragon dans son ouvrage de jeunesse, inachev\u00e9 et\npartiellement jet\u00e9 au feu, \u00ab\u00a0La d\u00e9fense de l&rsquo;infini\u00a0\u00bb, la figure de\nl&rsquo;animal est une constante et dans une majorit\u00e9 de ses \u0153uvres, une merveille de\nla cr\u00e9ation sert de fil conducteur, sous les couleurs changeantes du ramage\nsugg\u00e9r\u00e9 et le plus souvent floral, d&rsquo;une fauvette des bois, d&rsquo;une b\u00e9casse des\nroseaux, d&rsquo;un macareux moine des sept iles, d&rsquo;un t\u00e9tras lyre, d&rsquo;un sterne caugek,\nd&rsquo;un chardonneret, ou d&rsquo;une huppe immonde. Sans oublier le perroquet cher \u00e0\nFrida Kahlo autant qu&rsquo;au Douanier Rousseau. Philippe Jacottet, Saint John\nPerse, Rimbaud, Dona Tartt ont magnifiquement parl\u00e9 des oiseaux, pourtant\nLaureth Sulfate en dit davantage en quelques images que ces derniers par les\nmots. Son respect de la fragilit\u00e9 du vivant et de l&rsquo;\u00e9ph\u00e9m\u00e8re de la beaut\u00e9 se\nrapprochent de la puissance d&rsquo;acteur d&rsquo;un Burt Lancaster jouant \u00ab\u00a0The\nbirdman of Alcatraz\u00a0\u00bb. Quant \u00e0 leur construction esth\u00e9tique et leur\ninterpr\u00e9tation polymorphe, les compositions plastiques de Laureth se\nrapprochent de la juste et complexe structuration\nsymphonique d&rsquo;un Olivier Messiaen.<\/p>\n\n\n<div class=\"wp-block-image\">\n<figure class=\"aligncenter is-resized\"><img loading=\"lazy\" decoding=\"async\" width=\"713\" height=\"1024\" src=\"http:\/\/laureth-sulfate.com\/wp-content\/uploads\/2023\/10\/Autoportrait-a\u0300-loiseau-713x1024.jpg\" alt=\"\" class=\"wp-image-1247\" style=\"width:357px;height:512px\" srcset=\"https:\/\/laureth-sulfate.com\/wp-content\/uploads\/2023\/10\/Autoportrait-a\u0300-loiseau-713x1024.jpg 713w, https:\/\/laureth-sulfate.com\/wp-content\/uploads\/2023\/10\/Autoportrait-a\u0300-loiseau-209x300.jpg 209w, https:\/\/laureth-sulfate.com\/wp-content\/uploads\/2023\/10\/Autoportrait-a\u0300-loiseau-768x1103.jpg 768w\" sizes=\"auto, (max-width: 713px) 100vw, 713px\" \/><figcaption class=\"wp-element-caption\"><em>Autoportrait, <\/em>photographie et art num\u00e9rique 2019<\/figcaption><\/figure>\n<\/div>\n\n\n<p>Elle demeurera, pour moi, cette bergeronnette des ruisseaux, petit passereau \u00e0 ventre jaune. Comme lui, elle symbolise l\u2019ouverture, le souffle, une invitation \u00e0 aller plus haut, \u00e0 relier le Sacr\u00e9 qui est en nous, au vaste Universel qui nous entoure, au moyen d\u2019un lien invisible. Le lien d&rsquo;une intime connexion de c\u0153ur avec son spectateur.<\/p>\n\n\n\n<p>Alors soyons amis,\npour commencer avec Laureth, vous voulez bien ? Soyons, comme la rose du petit\nPrince, l\u2019un pour l\u2019autre d\u2019une importance consid\u00e9rable, parce que, l\u2019un pour l\u2019autre\nnous pourrions compter, pour porter son message : l&rsquo;Art est essentiel lorsque\nplus rien n&rsquo;a de sens. l&rsquo;Art t\u00e9moigne aussi du prix \u00e0 payer pour la survie\nd&rsquo;une civilisation d\u00e9cadente lorsque plus rien n&rsquo;a de valeur. Enfin, l&rsquo;Art\nt\u00e9moigne seul, dans l&rsquo;air et la lumi\u00e8re du temps qui passe, de l&rsquo;\u00e2me d&rsquo;une\n\u00e9poque !<\/p>\n\n\n\n<p>Fid\u00e8les au principe\nde l\u2019\u00e9ternel retour du m\u00eame, il adviendra de Nous ce que nous en f\u00eemes et\nferons, ni plus, ni moins.<\/p>\n\n\n\n<p>Depuis que je\nconnais Laureth Sulfate, je n\u2019ai pas davantage peur qu&rsquo;elle-m\u00eame \u00e0 ce sujet.\nMais vous l&rsquo;aviez compris, n&rsquo;est-ce pas ?<\/p>\n\n\n\n<p><br><br><\/p>\n\n\n\n<figure class=\"wp-block-image\"><img loading=\"lazy\" decoding=\"async\" width=\"600\" height=\"900\" src=\"http:\/\/laureth-sulfate.com\/wp-content\/uploads\/2023\/10\/joker-expo-impression-tableau-web.jpg\" alt=\"\" class=\"wp-image-1273\" srcset=\"https:\/\/laureth-sulfate.com\/wp-content\/uploads\/2023\/10\/joker-expo-impression-tableau-web.jpg 600w, https:\/\/laureth-sulfate.com\/wp-content\/uploads\/2023\/10\/joker-expo-impression-tableau-web-200x300.jpg 200w\" sizes=\"auto, (max-width: 600px) 100vw, 600px\" \/><figcaption class=\"wp-element-caption\"><em>Dove Idol.<\/em> 2023, photographie et art num\u00e9rique <\/figcaption><\/figure>\n\n\n\n<figure class=\"wp-block-image\"><img loading=\"lazy\" decoding=\"async\" width=\"1024\" height=\"470\" src=\"https:\/\/laureth-sulfate.com\/wp-content\/uploads\/2024\/11\/eyesjack-laurethsulafte-joker-1024x470.png\" alt=\"\" class=\"wp-image-1401\" srcset=\"https:\/\/laureth-sulfate.com\/wp-content\/uploads\/2024\/11\/eyesjack-laurethsulafte-joker-1024x470.png 1024w, https:\/\/laureth-sulfate.com\/wp-content\/uploads\/2024\/11\/eyesjack-laurethsulafte-joker-300x138.png 300w, https:\/\/laureth-sulfate.com\/wp-content\/uploads\/2024\/11\/eyesjack-laurethsulafte-joker-768x353.png 768w, https:\/\/laureth-sulfate.com\/wp-content\/uploads\/2024\/11\/eyesjack-laurethsulafte-joker.png 1882w\" sizes=\"auto, (max-width: 767px) 89vw, (max-width: 1000px) 54vw, (max-width: 1071px) 543px, 580px\" \/><figcaption class=\"wp-element-caption\">Tableau en r\u00e9alit\u00e9 Augment\u00e9e, scanner le qrcode et passer votre t\u00e9l\u00e9phone devant le tableau Joker<\/figcaption><\/figure>\n\n\n\n<p>Dove Idol c&rsquo;est  la rencontre du magn\u00e9tisme des ic\u00f4nes comme l&rsquo;expression d&rsquo;une humanit\u00e9  d\u00e9cadente, avec la gr\u00e2ce d&rsquo;une Nature aux vertus infinies, afin de  b\u00e2tir son propre monde int\u00e9rieur, de l&rsquo;incarner pleinement et proposer  par la m\u00eame au spectateur un cr\u00e9do universel.<br> Par  sa volont\u00e9 d&rsquo;agir sur le pr\u00e9sent \u00e9ternel, transfigure une r\u00e9alit\u00e9  qu&rsquo;elle relie par la puissance de son imaginaire, \u00e0 une fiction&nbsp;  polymorphe, alternative coh\u00e9rente et tragique en train d&rsquo;advenir.<br>  Cette exposition se veut une partie essentielle d&rsquo;un Tout qui couvre une  vie de m\u00e9tamorphoses cr\u00e9atives,&nbsp; aux d\u00e9ploiements \u00e0 posteriori  inconnaissables. <br><br> Bref, la Vie comme un vaste Bordel ! <\/p>\n","protected":false},"excerpt":{"rendered":"<p>Actualit\u00e9s Lien d&rsquo;inscription :https:\/\/lesateliersterreaux.fr\/stages\/street-art\/#preinscription Laureth Sulfate \u2014 Vit et travaille \u00e0 Lyon (France) \u2013 Dipl\u00f4m\u00e9e de l\u2019\u00e9cole nationale sup\u00e9rieur des Beaux-arts de Lyon (DNSEP) Laureth Sulfate est une artiste contemporaine fran\u00e7aise, dipl\u00f4m\u00e9e de l&rsquo;\u00e9cole nationale sup\u00e9rieure des Beaux-arts de Lyon. Son travail artistique est centr\u00e9 autour de la repr\u00e9sentation du corps f\u00e9minin, consid\u00e9r\u00e9 comme expression &hellip; <\/p>\n<p class=\"link-more\"><a href=\"https:\/\/laureth-sulfate.com\/\" class=\"more-link\">Continuer la lecture<span class=\"screen-reader-text\"> de &laquo;&nbsp;Accueil&nbsp;&raquo;<\/span><\/a><\/p>\n","protected":false},"author":1,"featured_media":176,"parent":0,"menu_order":0,"comment_status":"closed","ping_status":"closed","template":"","meta":{"footnotes":""},"class_list":["post-8","page","type-page","status-publish","has-post-thumbnail","hentry"],"_links":{"self":[{"href":"https:\/\/laureth-sulfate.com\/index.php\/wp-json\/wp\/v2\/pages\/8","targetHints":{"allow":["GET"]}}],"collection":[{"href":"https:\/\/laureth-sulfate.com\/index.php\/wp-json\/wp\/v2\/pages"}],"about":[{"href":"https:\/\/laureth-sulfate.com\/index.php\/wp-json\/wp\/v2\/types\/page"}],"author":[{"embeddable":true,"href":"https:\/\/laureth-sulfate.com\/index.php\/wp-json\/wp\/v2\/users\/1"}],"replies":[{"embeddable":true,"href":"https:\/\/laureth-sulfate.com\/index.php\/wp-json\/wp\/v2\/comments?post=8"}],"version-history":[{"count":174,"href":"https:\/\/laureth-sulfate.com\/index.php\/wp-json\/wp\/v2\/pages\/8\/revisions"}],"predecessor-version":[{"id":1845,"href":"https:\/\/laureth-sulfate.com\/index.php\/wp-json\/wp\/v2\/pages\/8\/revisions\/1845"}],"wp:featuredmedia":[{"embeddable":true,"href":"https:\/\/laureth-sulfate.com\/index.php\/wp-json\/wp\/v2\/media\/176"}],"wp:attachment":[{"href":"https:\/\/laureth-sulfate.com\/index.php\/wp-json\/wp\/v2\/media?parent=8"}],"curies":[{"name":"wp","href":"https:\/\/api.w.org\/{rel}","templated":true}]}}