{"id":823,"date":"2023-02-07T16:32:34","date_gmt":"2023-02-07T15:32:34","guid":{"rendered":"http:\/\/laureth-sulfate.com\/?page_id=823"},"modified":"2023-05-22T17:14:12","modified_gmt":"2023-05-22T15:14:12","slug":"joker","status":"publish","type":"page","link":"https:\/\/laureth-sulfate.com\/index.php\/joker\/","title":{"rendered":"JOKER"},"content":{"rendered":"\n<div class=\"wp-block-image\"><figure class=\"alignleft is-resized\"><img loading=\"lazy\" decoding=\"async\" src=\"http:\/\/laureth-sulfate.com\/wp-content\/uploads\/2023\/02\/unnamed-650x1024.png\" alt=\"\" class=\"wp-image-832\" width=\"325\" height=\"512\" srcset=\"https:\/\/laureth-sulfate.com\/wp-content\/uploads\/2023\/02\/unnamed-650x1024.png 650w, https:\/\/laureth-sulfate.com\/wp-content\/uploads\/2023\/02\/unnamed-190x300.png 190w, https:\/\/laureth-sulfate.com\/wp-content\/uploads\/2023\/02\/unnamed-768x1210.png 768w, https:\/\/laureth-sulfate.com\/wp-content\/uploads\/2023\/02\/unnamed.png 960w\" sizes=\"auto, (max-width: 325px) 100vw, 325px\" \/><\/figure><\/div>\n\n\n\n<p style=\"text-align:left\"> La po\u00e8sie est une f\u00eate<\/p>\n\n\n\n<p>Nous avons cru trop longtemps tout ce qu&rsquo;on disait de nous<\/p>\n\n\n\n<p>REJOIGNEZ-NOUS !!! <br>@dreidemie,<br>@laureth.sulfate<\/p>\n\n\n\n<p style=\"text-align:center\"><br><strong>N&rsquo;APPORTEZ AVEC VOUS QUE VOTRE SOURIRE !<\/strong><\/p>\n\n\n\n<ul class=\"wp-block-gallery columns-1 is-cropped wp-block-gallery-1 is-layout-flex wp-block-gallery-is-layout-flex\"><li class=\"blocks-gallery-item\"><figure><img loading=\"lazy\" decoding=\"async\" width=\"1024\" height=\"768\" src=\"http:\/\/laureth-sulfate.com\/wp-content\/uploads\/2023\/05\/IMG_12811-1024x768.jpg\" alt=\"\" data-id=\"1000\" data-link=\"http:\/\/laureth-sulfate.com\/index.php\/joker\/img_12811\/\" class=\"wp-image-1000\" srcset=\"https:\/\/laureth-sulfate.com\/wp-content\/uploads\/2023\/05\/IMG_12811-1024x768.jpg 1024w, https:\/\/laureth-sulfate.com\/wp-content\/uploads\/2023\/05\/IMG_12811-300x225.jpg 300w, https:\/\/laureth-sulfate.com\/wp-content\/uploads\/2023\/05\/IMG_12811-768x576.jpg 768w\" sizes=\"auto, (max-width: 767px) 89vw, (max-width: 1000px) 54vw, (max-width: 1071px) 543px, 580px\" \/><figcaption>La terre jette l&rsquo;eponge, terrorisme po\u00e8tique <\/figcaption><\/figure><\/li><\/ul>\n\n\n\n<p>Rendez-vous le 6 juin 2023 pour la performance et  pour le tirage du loto \u00a0\u00bb Joker\u00a0\u00bb  et plus d&rsquo;informations envoyer un message  &lt;<a href=\"mailto:info@laureth-sulfate.com\">ici<\/a>><\/p>\n\n\n\n<p>Incendie po\u00e9tique O\u00f9 allez-vous, banquiers ?<br>Vous croyez nous \u00e9chapper ?!  Allons ! Avec vos casseroles on vous entend \u00e0 100 Bornes !<br>Le Joker s&rsquo;installe sur la case  Caisse d&rsquo;\u00e9pargne ! <br>Brandissez vos billets \u00e0 la face de Wall Street, de Francfort et de Bruxelles !<br>N&rsquo;apportez avec vous que votre sourire, et frottez-vous \u00e0 la nuit ! <br>Incendie po\u00e9tique !<br>Nous lancerons nos meilleurs bouquins dans leurs vitrines !<br>Un coup de Rimbaud, un coup d&rsquo;Artaud !<br>Qui lancera Hugo ?<br>Le Cave se rebiffe ! <br>Audiard est de chez nous !<br>Nos planches \u00e0 billets fr\u00e9missent pr\u00eats \u00e0 \u00eatre distribu\u00e9s et encoll\u00e9s sur les murs, la terre jette l&rsquo;\u00e9ponge&#8230;  JOKER !<\/p>\n\n\n\n<ul class=\"wp-block-gallery columns-3 is-cropped wp-block-gallery-2 is-layout-flex wp-block-gallery-is-layout-flex\"><li class=\"blocks-gallery-item\"><figure><img loading=\"lazy\" decoding=\"async\" width=\"500\" height=\"210\" src=\"http:\/\/laureth-sulfate.com\/wp-content\/uploads\/2023\/05\/billet-joker-femme.jpg\" alt=\"\" data-id=\"1055\" data-link=\"http:\/\/laureth-sulfate.com\/index.php\/joker\/billet-joker-femme\/\" class=\"wp-image-1055\" srcset=\"https:\/\/laureth-sulfate.com\/wp-content\/uploads\/2023\/05\/billet-joker-femme.jpg 500w, https:\/\/laureth-sulfate.com\/wp-content\/uploads\/2023\/05\/billet-joker-femme-300x126.jpg 300w\" sizes=\"auto, (max-width: 500px) 100vw, 500px\" \/><\/figure><\/li><li class=\"blocks-gallery-item\"><figure><img loading=\"lazy\" decoding=\"async\" width=\"500\" height=\"210\" src=\"http:\/\/laureth-sulfate.com\/wp-content\/uploads\/2023\/05\/billet-joker-recto-ulrick.jpg\" alt=\"\" data-id=\"1056\" data-link=\"http:\/\/laureth-sulfate.com\/index.php\/joker\/billet-joker-recto-ulrick\/\" class=\"wp-image-1056\" srcset=\"https:\/\/laureth-sulfate.com\/wp-content\/uploads\/2023\/05\/billet-joker-recto-ulrick.jpg 500w, https:\/\/laureth-sulfate.com\/wp-content\/uploads\/2023\/05\/billet-joker-recto-ulrick-300x126.jpg 300w\" sizes=\"auto, (max-width: 500px) 100vw, 500px\" \/><\/figure><\/li><li class=\"blocks-gallery-item\"><figure><img loading=\"lazy\" decoding=\"async\" width=\"500\" height=\"210\" src=\"http:\/\/laureth-sulfate.com\/wp-content\/uploads\/2023\/05\/billet-joker-grenouille.jpg\" alt=\"\" data-id=\"1057\" data-link=\"http:\/\/laureth-sulfate.com\/index.php\/joker\/billet-joker-grenouille\/\" class=\"wp-image-1057\" srcset=\"https:\/\/laureth-sulfate.com\/wp-content\/uploads\/2023\/05\/billet-joker-grenouille.jpg 500w, https:\/\/laureth-sulfate.com\/wp-content\/uploads\/2023\/05\/billet-joker-grenouille-300x126.jpg 300w\" sizes=\"auto, (max-width: 500px) 100vw, 500px\" \/><\/figure><\/li><li class=\"blocks-gallery-item\"><figure><img loading=\"lazy\" decoding=\"async\" width=\"500\" height=\"210\" src=\"http:\/\/laureth-sulfate.com\/wp-content\/uploads\/2023\/05\/billet-joker-loie.jpg\" alt=\"\" data-id=\"1058\" data-link=\"http:\/\/laureth-sulfate.com\/index.php\/joker\/billet-joker-loie\/\" class=\"wp-image-1058\" srcset=\"https:\/\/laureth-sulfate.com\/wp-content\/uploads\/2023\/05\/billet-joker-loie.jpg 500w, https:\/\/laureth-sulfate.com\/wp-content\/uploads\/2023\/05\/billet-joker-loie-300x126.jpg 300w\" sizes=\"auto, (max-width: 500px) 100vw, 500px\" \/><\/figure><\/li><li class=\"blocks-gallery-item\"><figure><img loading=\"lazy\" decoding=\"async\" width=\"500\" height=\"210\" src=\"http:\/\/laureth-sulfate.com\/wp-content\/uploads\/2023\/05\/billet-joker-le-baiser.jpg\" alt=\"\" data-id=\"1059\" data-link=\"http:\/\/laureth-sulfate.com\/index.php\/joker\/billet-joker-le-baiser\/\" class=\"wp-image-1059\" srcset=\"https:\/\/laureth-sulfate.com\/wp-content\/uploads\/2023\/05\/billet-joker-le-baiser.jpg 500w, https:\/\/laureth-sulfate.com\/wp-content\/uploads\/2023\/05\/billet-joker-le-baiser-300x126.jpg 300w\" sizes=\"auto, (max-width: 500px) 100vw, 500px\" \/><\/figure><\/li><li class=\"blocks-gallery-item\"><figure><img loading=\"lazy\" decoding=\"async\" width=\"500\" height=\"210\" src=\"http:\/\/laureth-sulfate.com\/wp-content\/uploads\/2023\/05\/billet-joker-Monstre.jpg\" alt=\"\" data-id=\"1060\" data-link=\"http:\/\/laureth-sulfate.com\/index.php\/joker\/billet-joker-monstre\/\" class=\"wp-image-1060\" srcset=\"https:\/\/laureth-sulfate.com\/wp-content\/uploads\/2023\/05\/billet-joker-Monstre.jpg 500w, https:\/\/laureth-sulfate.com\/wp-content\/uploads\/2023\/05\/billet-joker-Monstre-300x126.jpg 300w\" sizes=\"auto, (max-width: 500px) 100vw, 500px\" \/><\/figure><\/li><li class=\"blocks-gallery-item\"><figure><img loading=\"lazy\" decoding=\"async\" width=\"500\" height=\"210\" src=\"http:\/\/laureth-sulfate.com\/wp-content\/uploads\/2023\/05\/billet-joker-poubelle.jpg\" alt=\"\" data-id=\"1063\" data-link=\"http:\/\/laureth-sulfate.com\/index.php\/joker\/billet-joker-poubelle\/\" class=\"wp-image-1063\" srcset=\"https:\/\/laureth-sulfate.com\/wp-content\/uploads\/2023\/05\/billet-joker-poubelle.jpg 500w, https:\/\/laureth-sulfate.com\/wp-content\/uploads\/2023\/05\/billet-joker-poubelle-300x126.jpg 300w\" sizes=\"auto, (max-width: 500px) 100vw, 500px\" \/><\/figure><\/li><li class=\"blocks-gallery-item\"><figure><img loading=\"lazy\" decoding=\"async\" width=\"500\" height=\"210\" src=\"http:\/\/laureth-sulfate.com\/wp-content\/uploads\/2023\/05\/billet-joker-prudhomme.jpg\" alt=\"\" data-id=\"1064\" data-link=\"http:\/\/laureth-sulfate.com\/index.php\/joker\/billet-joker-prudhomme\/\" class=\"wp-image-1064\" srcset=\"https:\/\/laureth-sulfate.com\/wp-content\/uploads\/2023\/05\/billet-joker-prudhomme.jpg 500w, https:\/\/laureth-sulfate.com\/wp-content\/uploads\/2023\/05\/billet-joker-prudhomme-300x126.jpg 300w\" sizes=\"auto, (max-width: 500px) 100vw, 500px\" \/><\/figure><\/li><li class=\"blocks-gallery-item\"><figure><img loading=\"lazy\" decoding=\"async\" width=\"500\" height=\"210\" src=\"http:\/\/laureth-sulfate.com\/wp-content\/uploads\/2023\/05\/billet-joker-Pruhommes.jpg\" alt=\"\" data-id=\"1065\" data-link=\"http:\/\/laureth-sulfate.com\/index.php\/joker\/billet-joker-pruhommes\/\" class=\"wp-image-1065\" srcset=\"https:\/\/laureth-sulfate.com\/wp-content\/uploads\/2023\/05\/billet-joker-Pruhommes.jpg 500w, https:\/\/laureth-sulfate.com\/wp-content\/uploads\/2023\/05\/billet-joker-Pruhommes-300x126.jpg 300w\" sizes=\"auto, (max-width: 500px) 100vw, 500px\" \/><\/figure><\/li><li class=\"blocks-gallery-item\"><figure><img loading=\"lazy\" decoding=\"async\" width=\"500\" height=\"210\" src=\"http:\/\/laureth-sulfate.com\/wp-content\/uploads\/2023\/05\/billet-joker-symbole.jpg\" alt=\"\" data-id=\"1066\" data-link=\"http:\/\/laureth-sulfate.com\/index.php\/joker\/billet-joker-symbole\/\" class=\"wp-image-1066\" srcset=\"https:\/\/laureth-sulfate.com\/wp-content\/uploads\/2023\/05\/billet-joker-symbole.jpg 500w, https:\/\/laureth-sulfate.com\/wp-content\/uploads\/2023\/05\/billet-joker-symbole-300x126.jpg 300w\" sizes=\"auto, (max-width: 500px) 100vw, 500px\" \/><\/figure><\/li><li class=\"blocks-gallery-item\"><figure><img loading=\"lazy\" decoding=\"async\" width=\"500\" height=\"210\" src=\"http:\/\/laureth-sulfate.com\/wp-content\/uploads\/2023\/05\/billet-joker.jpg\" alt=\"\" data-id=\"1069\" data-link=\"http:\/\/laureth-sulfate.com\/index.php\/joker\/billet-joker\/\" class=\"wp-image-1069\" srcset=\"https:\/\/laureth-sulfate.com\/wp-content\/uploads\/2023\/05\/billet-joker.jpg 500w, https:\/\/laureth-sulfate.com\/wp-content\/uploads\/2023\/05\/billet-joker-300x126.jpg 300w\" sizes=\"auto, (max-width: 500px) 100vw, 500px\" \/><\/figure><\/li><li class=\"blocks-gallery-item\"><figure><img loading=\"lazy\" decoding=\"async\" width=\"500\" height=\"210\" src=\"http:\/\/laureth-sulfate.com\/wp-content\/uploads\/2023\/05\/billet-joker2.jpg\" alt=\"\" data-id=\"1070\" data-link=\"http:\/\/laureth-sulfate.com\/index.php\/joker\/billet-joker2\/\" class=\"wp-image-1070\" srcset=\"https:\/\/laureth-sulfate.com\/wp-content\/uploads\/2023\/05\/billet-joker2.jpg 500w, https:\/\/laureth-sulfate.com\/wp-content\/uploads\/2023\/05\/billet-joker2-300x126.jpg 300w\" sizes=\"auto, (max-width: 500px) 100vw, 500px\" \/><\/figure><\/li><li class=\"blocks-gallery-item\"><figure><img loading=\"lazy\" decoding=\"async\" width=\"500\" height=\"210\" src=\"http:\/\/laureth-sulfate.com\/wp-content\/uploads\/2023\/05\/billet-joker-le-baiser-1.jpg\" alt=\"\" data-id=\"1071\" data-link=\"http:\/\/laureth-sulfate.com\/index.php\/joker\/billet-joker-le-baiser-2\/\" class=\"wp-image-1071\" srcset=\"https:\/\/laureth-sulfate.com\/wp-content\/uploads\/2023\/05\/billet-joker-le-baiser-1.jpg 500w, https:\/\/laureth-sulfate.com\/wp-content\/uploads\/2023\/05\/billet-joker-le-baiser-1-300x126.jpg 300w\" sizes=\"auto, (max-width: 500px) 100vw, 500px\" \/><\/figure><\/li><\/ul>\n\n\n\n<p><strong>Joker<\/strong><br>Composition:  Laureth Sulfate<br>JOKER est un exp\u00e9rience \u00e0 2 c\u0153urs !<br>Si vous avez le r\u00e9flexe du psychologue, ne pensez pas que l&rsquo;on s&rsquo;\u00e9tendra sur votre DIVAN : nous danserons et jetterons les coussins. <br>Tr\u00eave de plaisanterie, la com\u00e9die peut commencer ! <br>Nous souhaitons une chose : garder le sourire ! <br>Et vous? <br>JOKER r\u00e9pond \u00ab\u00a0oui\u00a0\u00bb !<br> Il vous invite \u00e0 le rejoindre ! <br>Nous avons souhait\u00e9 m\u00ealer notre amour de la po\u00e9sie, <br>notre passion pour la culture populaire et les arts visuels ! <br>Alors, entrez, je vous prie, dans notre <br>JEU DE L&rsquo;OIE ! <br>IL SERA FATAL UNIQUEMENT A LA MOROSITE AMBIANTE.<\/p>\n\n\n\n<p>LAURETH SULFATE DREIDEMIE <br><strong>LSD\ufeff<\/strong><\/p>\n\n\n\n<iframe loading=\"lazy\" src=\"https:\/\/www.youtube.com\/embed\/UYqCvDjW154\" title=\"YouTube video player\" allow=\"accelerometer; autoplay; clipboard-write; encrypted-media; gyroscope; picture-in-picture; web-share\" allowfullscreen=\"\" width=\"455\" height=\"680\" frameborder=\"0\"><\/iframe>\n\n\n\n<p>L\u2019anthropomorphisme  est l&rsquo;attribution de caract\u00e9ristiques du comportement ou de la  morphologie humaine \u00e0 d&rsquo;autres entit\u00e9s des machines,  des animaux, des  ph\u00e9nom\u00e8nes, des id\u00e9es et voire \u00e0 des \u00eatres d&rsquo;un autre monde, La vid\u00e9o  AnthropoMorphing pr\u00e9sente des visages imagin\u00e9s. Jeu de la  transformation, sur un hymne religieux \u00ab\u00a0Amazing Grace\u00a0\u00bb chant\u00e9 par  Charlie Dalin.<\/p>\n\n\n\n<iframe loading=\"lazy\" src=\"https:\/\/www.youtube.com\/embed\/bLr3j5XP1Mg\" title=\"YouTube video player\" allow=\"accelerometer; autoplay; clipboard-write; encrypted-media; gyroscope; picture-in-picture; web-share\" allowfullscreen=\"\" width=\"680\" height=\"455\" frameborder=\"0\"><\/iframe>\n\n\n\n<p><strong>Joker<\/strong><br>Composition:  Laureth Sulfate<\/p>\n\n\n\n<p>Variation sur le th\u00e8me de la transformation, cr\u00e9ation \u00e0 4 mains avec Guillaume Dreidemie<br>Voix et illustration : Laureth Sulfate,<br>Texte : Guillaume Dreidemie<br>Son et arrangement : Charlie Dalin<\/p>\n\n\n\n<div class=\"wp-block-image\"><figure class=\"aligncenter is-resized\"><img loading=\"lazy\" decoding=\"async\" src=\"http:\/\/laureth-sulfate.com\/wp-content\/uploads\/2023\/02\/joker-logo-LSD-1024x1024.jpg\" alt=\"\" class=\"wp-image-851\" width=\"256\" height=\"256\" srcset=\"https:\/\/laureth-sulfate.com\/wp-content\/uploads\/2023\/02\/joker-logo-LSD-1024x1024.jpg 1024w, https:\/\/laureth-sulfate.com\/wp-content\/uploads\/2023\/02\/joker-logo-LSD-150x150.jpg 150w, https:\/\/laureth-sulfate.com\/wp-content\/uploads\/2023\/02\/joker-logo-LSD-300x300.jpg 300w, https:\/\/laureth-sulfate.com\/wp-content\/uploads\/2023\/02\/joker-logo-LSD-768x768.jpg 768w, https:\/\/laureth-sulfate.com\/wp-content\/uploads\/2023\/02\/joker-logo-LSD-100x100.jpg 100w, https:\/\/laureth-sulfate.com\/wp-content\/uploads\/2023\/02\/joker-logo-LSD.jpg 1920w\" sizes=\"auto, (max-width: 256px) 100vw, 256px\" \/><\/figure><\/div>\n\n\n\n<p><br><\/p>\n","protected":false},"excerpt":{"rendered":"<p>La po\u00e8sie est une f\u00eate Nous avons cru trop longtemps tout ce qu&rsquo;on disait de nous REJOIGNEZ-NOUS !!! @dreidemie,@laureth.sulfate N&rsquo;APPORTEZ AVEC VOUS QUE VOTRE SOURIRE ! Rendez-vous le 6 juin 2023 pour la performance et pour le tirage du loto \u00a0\u00bb Joker\u00a0\u00bb et plus d&rsquo;informations envoyer un message &lt;ici> Incendie po\u00e9tique O\u00f9 allez-vous, banquiers ?Vous &hellip; <\/p>\n<p class=\"link-more\"><a href=\"https:\/\/laureth-sulfate.com\/index.php\/joker\/\" class=\"more-link\">Continuer la lecture<span class=\"screen-reader-text\"> de &laquo;&nbsp;JOKER&nbsp;&raquo;<\/span><\/a><\/p>\n","protected":false},"author":1,"featured_media":0,"parent":0,"menu_order":0,"comment_status":"closed","ping_status":"closed","template":"","meta":{"footnotes":""},"class_list":["post-823","page","type-page","status-publish","hentry"],"_links":{"self":[{"href":"https:\/\/laureth-sulfate.com\/index.php\/wp-json\/wp\/v2\/pages\/823","targetHints":{"allow":["GET"]}}],"collection":[{"href":"https:\/\/laureth-sulfate.com\/index.php\/wp-json\/wp\/v2\/pages"}],"about":[{"href":"https:\/\/laureth-sulfate.com\/index.php\/wp-json\/wp\/v2\/types\/page"}],"author":[{"embeddable":true,"href":"https:\/\/laureth-sulfate.com\/index.php\/wp-json\/wp\/v2\/users\/1"}],"replies":[{"embeddable":true,"href":"https:\/\/laureth-sulfate.com\/index.php\/wp-json\/wp\/v2\/comments?post=823"}],"version-history":[{"count":45,"href":"https:\/\/laureth-sulfate.com\/index.php\/wp-json\/wp\/v2\/pages\/823\/revisions"}],"predecessor-version":[{"id":1053,"href":"https:\/\/laureth-sulfate.com\/index.php\/wp-json\/wp\/v2\/pages\/823\/revisions\/1053"}],"wp:attachment":[{"href":"https:\/\/laureth-sulfate.com\/index.php\/wp-json\/wp\/v2\/media?parent=823"}],"curies":[{"name":"wp","href":"https:\/\/api.w.org\/{rel}","templated":true}]}}