{"id":899,"date":"2023-04-02T19:44:33","date_gmt":"2023-04-02T17:44:33","guid":{"rendered":"http:\/\/laureth-sulfate.com\/?page_id=899"},"modified":"2026-02-26T12:57:38","modified_gmt":"2026-02-26T11:57:38","slug":"ateliers","status":"publish","type":"page","link":"https:\/\/laureth-sulfate.com\/index.php\/ateliers\/","title":{"rendered":"Ateliers street-art \/ workshop \/"},"content":{"rendered":"\n<p>Les inscription sont ouverte pour les ateliers street-art de Mai 2026 <\/p>\n\n\n\n<p> suivre le lien  ><a href=\"https:\/\/lesateliersterreaux.fr\/stages\/street-art\/\">https:\/\/lesateliersterreaux.fr\/stages\/street-art\/<\/a><\/p>\n\n\n\n<figure class=\"wp-block-image size-large\"><img loading=\"lazy\" decoding=\"async\" width=\"724\" height=\"1024\" src=\"https:\/\/laureth-sulfate.com\/wp-content\/uploads\/2026\/02\/Affiches-Stages-street-art-.-Laureth-Sulfate-724x1024.png\" alt=\"\" class=\"wp-image-1828\" srcset=\"https:\/\/laureth-sulfate.com\/wp-content\/uploads\/2026\/02\/Affiches-Stages-street-art-.-Laureth-Sulfate-724x1024.png 724w, https:\/\/laureth-sulfate.com\/wp-content\/uploads\/2026\/02\/Affiches-Stages-street-art-.-Laureth-Sulfate-212x300.png 212w, https:\/\/laureth-sulfate.com\/wp-content\/uploads\/2026\/02\/Affiches-Stages-street-art-.-Laureth-Sulfate-768x1086.png 768w, https:\/\/laureth-sulfate.com\/wp-content\/uploads\/2026\/02\/Affiches-Stages-street-art-.-Laureth-Sulfate-1086x1536.png 1086w, https:\/\/laureth-sulfate.com\/wp-content\/uploads\/2026\/02\/Affiches-Stages-street-art-.-Laureth-Sulfate.png 1414w\" sizes=\"auto, (max-width: 724px) 100vw, 724px\" \/><\/figure>\n\n\n\n<figure class=\"wp-block-image size-full is-resized\"><img loading=\"lazy\" decoding=\"async\" width=\"657\" height=\"374\" src=\"https:\/\/laureth-sulfate.com\/wp-content\/uploads\/2025\/12\/lauret-sulfate-ecole-mediation-culturel.webp\" alt=\"M\u00e9diation culturelle Laureth Sulfate \" class=\"wp-image-1785\" style=\"width:657px;height:auto\" srcset=\"https:\/\/laureth-sulfate.com\/wp-content\/uploads\/2025\/12\/lauret-sulfate-ecole-mediation-culturel.webp 657w, https:\/\/laureth-sulfate.com\/wp-content\/uploads\/2025\/12\/lauret-sulfate-ecole-mediation-culturel-300x171.webp 300w\" sizes=\"auto, (max-width: 657px) 100vw, 657px\" \/><\/figure>\n\n\n\n<figure class=\"wp-block-image size-full\"><img loading=\"lazy\" decoding=\"async\" width=\"445\" height=\"630\" src=\"https:\/\/laureth-sulfate.com\/wp-content\/uploads\/2025\/04\/atelier-street-art69.jpg\" alt=\"\" class=\"wp-image-1613\" srcset=\"https:\/\/laureth-sulfate.com\/wp-content\/uploads\/2025\/04\/atelier-street-art69.jpg 445w, https:\/\/laureth-sulfate.com\/wp-content\/uploads\/2025\/04\/atelier-street-art69-212x300.jpg 212w\" sizes=\"auto, (max-width: 445px) 100vw, 445px\" \/><figcaption class=\"wp-element-caption\">Atelier street-art Centre d&rsquo;art contemporain Jean Prouv\u00e9. <br>En r\u00e9sonance avec l &lsquo;exposition \u00ab\u00a0Ainsi soient-elles\u00a0\u00bb<\/figcaption><\/figure>\n\n\n\n<figure class=\"wp-block-gallery aligncenter has-nested-images columns-default is-cropped wp-block-gallery-1 is-layout-flex wp-block-gallery-is-layout-flex\">\n<figure class=\"wp-block-image\"><img loading=\"lazy\" decoding=\"async\" width=\"1024\" height=\"1024\" data-id=\"1016\" src=\"https:\/\/laureth-sulfate.com\/wp-content\/uploads\/2023\/05\/347087796_703060711574840_8526652170748805831_n-1-1024x1024.jpg\" alt=\"\" class=\"wp-image-1016\" srcset=\"https:\/\/laureth-sulfate.com\/wp-content\/uploads\/2023\/05\/347087796_703060711574840_8526652170748805831_n-1-1024x1024.jpg 1024w, https:\/\/laureth-sulfate.com\/wp-content\/uploads\/2023\/05\/347087796_703060711574840_8526652170748805831_n-1-150x150.jpg 150w, https:\/\/laureth-sulfate.com\/wp-content\/uploads\/2023\/05\/347087796_703060711574840_8526652170748805831_n-1-300x300.jpg 300w, https:\/\/laureth-sulfate.com\/wp-content\/uploads\/2023\/05\/347087796_703060711574840_8526652170748805831_n-1-768x768.jpg 768w, https:\/\/laureth-sulfate.com\/wp-content\/uploads\/2023\/05\/347087796_703060711574840_8526652170748805831_n-1-100x100.jpg 100w, https:\/\/laureth-sulfate.com\/wp-content\/uploads\/2023\/05\/347087796_703060711574840_8526652170748805831_n-1.jpg 1440w\" sizes=\"auto, (max-width: 767px) 89vw, (max-width: 1000px) 54vw, (max-width: 1071px) 543px, 580px\" \/><figcaption class=\"wp-element-caption\">PR\u00c9PA ART \/ MISE A NIVEAU EN ARTS APPLIQU\u00c9S <br>Bravo au pr\u00e9pa-art, 100 % s\u00e9lectionn\u00e9s dans plusieurs \u00e9coles d\u2019art !<br>Photo avec r\u00e9alisation d\u2019affiches \/ atelier art num\u00e9rique pour Studio M <br><\/figcaption><\/figure>\n<\/figure>\n\n\n<div class=\"wp-block-image\">\n<figure class=\"aligncenter\"><img loading=\"lazy\" decoding=\"async\" width=\"1024\" height=\"545\" src=\"http:\/\/laureth-sulfate.com\/wp-content\/uploads\/2023\/04\/312404174_186346123959415_3220074322161903885_n-1024x545.jpg\" alt=\"Dans la peux d'un street artiste\" class=\"wp-image-959\" srcset=\"https:\/\/laureth-sulfate.com\/wp-content\/uploads\/2023\/04\/312404174_186346123959415_3220074322161903885_n-1024x545.jpg 1024w, https:\/\/laureth-sulfate.com\/wp-content\/uploads\/2023\/04\/312404174_186346123959415_3220074322161903885_n-300x160.jpg 300w, https:\/\/laureth-sulfate.com\/wp-content\/uploads\/2023\/04\/312404174_186346123959415_3220074322161903885_n-768x409.jpg 768w, https:\/\/laureth-sulfate.com\/wp-content\/uploads\/2023\/04\/312404174_186346123959415_3220074322161903885_n.jpg 1440w\" sizes=\"auto, (max-width: 767px) 89vw, (max-width: 1000px) 54vw, (max-width: 1071px) 543px, 580px\" \/><\/figure>\n<\/div>\n\n<div class=\"wp-block-image\">\n<figure class=\"aligncenter\"><img loading=\"lazy\" decoding=\"async\" width=\"844\" height=\"624\" src=\"http:\/\/laureth-sulfate.com\/wp-content\/uploads\/2023\/04\/atelier-street-art.jpg\" alt=\"\" class=\"wp-image-905\" srcset=\"https:\/\/laureth-sulfate.com\/wp-content\/uploads\/2023\/04\/atelier-street-art.jpg 844w, https:\/\/laureth-sulfate.com\/wp-content\/uploads\/2023\/04\/atelier-street-art-300x222.jpg 300w, https:\/\/laureth-sulfate.com\/wp-content\/uploads\/2023\/04\/atelier-street-art-768x568.jpg 768w\" sizes=\"auto, (max-width: 767px) 89vw, (max-width: 1000px) 54vw, (max-width: 1071px) 543px, 580px\" \/><\/figure>\n<\/div>\n\n\n<p><strong>Atelier workshop&nbsp; culture et design graphique .<\/strong><br>Concevoir un projet graphique&nbsp; en mobilisant sa culture g\u00e9n\u00e9rale et digitale<strong>.<\/strong><br>Exposition&nbsp; des \u0153uvres dans l\u2019\u00e9cole et cr\u00e9ation du site internet du collectif, Mydigitalschool-Lyon<\/p>\n\n\n\n<p><a rel=\"noreferrer noopener\" href=\"http:\/\/www.exposition-lyon.fr\" target=\"_blank\">Voir le site : http:\/\/www.exposition-lyon.fr<\/a><\/p>\n\n\n\n<figure class=\"wp-block-gallery aligncenter has-nested-images columns-default is-cropped wp-block-gallery-2 is-layout-flex wp-block-gallery-is-layout-flex\">\n<figure class=\"wp-block-image\"><img loading=\"lazy\" decoding=\"async\" width=\"768\" height=\"1024\" data-id=\"913\" src=\"https:\/\/laureth-sulfate.com\/wp-content\/uploads\/2023\/04\/atelier-street-art-ecole-768x1024.jpg\" alt=\"\" class=\"wp-image-913\" srcset=\"https:\/\/laureth-sulfate.com\/wp-content\/uploads\/2023\/04\/atelier-street-art-ecole-768x1024.jpg 768w, https:\/\/laureth-sulfate.com\/wp-content\/uploads\/2023\/04\/atelier-street-art-ecole-225x300.jpg 225w, https:\/\/laureth-sulfate.com\/wp-content\/uploads\/2023\/04\/atelier-street-art-ecole.jpg 1536w\" sizes=\"auto, (max-width: 767px) 89vw, (max-width: 1000px) 54vw, (max-width: 1071px) 543px, 580px\" \/><\/figure>\n\n\n\n<figure class=\"wp-block-image\"><img loading=\"lazy\" decoding=\"async\" width=\"1024\" height=\"768\" data-id=\"914\" src=\"https:\/\/laureth-sulfate.com\/wp-content\/uploads\/2023\/04\/atelier-artistique-1024x768.jpg\" alt=\"\" class=\"wp-image-914\" srcset=\"https:\/\/laureth-sulfate.com\/wp-content\/uploads\/2023\/04\/atelier-artistique-1024x768.jpg 1024w, https:\/\/laureth-sulfate.com\/wp-content\/uploads\/2023\/04\/atelier-artistique-300x225.jpg 300w, https:\/\/laureth-sulfate.com\/wp-content\/uploads\/2023\/04\/atelier-artistique-768x576.jpg 768w, https:\/\/laureth-sulfate.com\/wp-content\/uploads\/2023\/04\/atelier-artistique.jpg 2048w\" sizes=\"auto, (max-width: 767px) 89vw, (max-width: 1000px) 54vw, (max-width: 1071px) 543px, 580px\" \/><\/figure>\n\n\n\n<figure class=\"wp-block-image\"><img loading=\"lazy\" decoding=\"async\" width=\"1024\" height=\"768\" data-id=\"915\" src=\"https:\/\/laureth-sulfate.com\/wp-content\/uploads\/2023\/04\/atelier-street-art-saint-colombe-sur-gand-1024x768.jpg\" alt=\"\" class=\"wp-image-915\" srcset=\"https:\/\/laureth-sulfate.com\/wp-content\/uploads\/2023\/04\/atelier-street-art-saint-colombe-sur-gand-1024x768.jpg 1024w, https:\/\/laureth-sulfate.com\/wp-content\/uploads\/2023\/04\/atelier-street-art-saint-colombe-sur-gand-300x225.jpg 300w, https:\/\/laureth-sulfate.com\/wp-content\/uploads\/2023\/04\/atelier-street-art-saint-colombe-sur-gand-768x576.jpg 768w, https:\/\/laureth-sulfate.com\/wp-content\/uploads\/2023\/04\/atelier-street-art-saint-colombe-sur-gand.jpg 2048w\" sizes=\"auto, (max-width: 767px) 89vw, (max-width: 1000px) 54vw, (max-width: 1071px) 543px, 580px\" \/><\/figure>\n<\/figure>\n\n\n\n<p><strong>Atelier d\u2019arts plastiques en r\u00e9sonnance<\/strong><br><strong>avec l\u2019exposition <em>Fais-moi r\u00eaver<\/em>  (Laureth Sulfate)<\/strong><br>Atelier street-art, composition graphique avec les \u00e9l\u00e8ves de l\u2019\u00e9cole \u00e9l\u00e9mentaire de Sainte-colombes-sur-Gand, centre d\u2019art et du livre, La Fabrique des Colombes.<\/p>\n\n\n\n<p><\/p>\n","protected":false},"excerpt":{"rendered":"<p>Les inscription sont ouverte pour les ateliers street-art de Mai 2026 suivre le lien >https:\/\/lesateliersterreaux.fr\/stages\/street-art\/ Atelier workshop&nbsp; culture et design graphique .Concevoir un projet graphique&nbsp; en mobilisant sa culture g\u00e9n\u00e9rale et digitale.Exposition&nbsp; des \u0153uvres dans l\u2019\u00e9cole et cr\u00e9ation du site internet du collectif, Mydigitalschool-Lyon Voir le site : http:\/\/www.exposition-lyon.fr Atelier d\u2019arts plastiques en r\u00e9sonnanceavec l\u2019exposition &hellip; <\/p>\n<p class=\"link-more\"><a href=\"https:\/\/laureth-sulfate.com\/index.php\/ateliers\/\" class=\"more-link\">Continuer la lecture<span class=\"screen-reader-text\"> de &laquo;&nbsp;Ateliers street-art \/ workshop \/&nbsp;&raquo;<\/span><\/a><\/p>\n","protected":false},"author":1,"featured_media":0,"parent":0,"menu_order":0,"comment_status":"closed","ping_status":"closed","template":"","meta":{"footnotes":""},"class_list":["post-899","page","type-page","status-publish","hentry"],"_links":{"self":[{"href":"https:\/\/laureth-sulfate.com\/index.php\/wp-json\/wp\/v2\/pages\/899","targetHints":{"allow":["GET"]}}],"collection":[{"href":"https:\/\/laureth-sulfate.com\/index.php\/wp-json\/wp\/v2\/pages"}],"about":[{"href":"https:\/\/laureth-sulfate.com\/index.php\/wp-json\/wp\/v2\/types\/page"}],"author":[{"embeddable":true,"href":"https:\/\/laureth-sulfate.com\/index.php\/wp-json\/wp\/v2\/users\/1"}],"replies":[{"embeddable":true,"href":"https:\/\/laureth-sulfate.com\/index.php\/wp-json\/wp\/v2\/comments?post=899"}],"version-history":[{"count":34,"href":"https:\/\/laureth-sulfate.com\/index.php\/wp-json\/wp\/v2\/pages\/899\/revisions"}],"predecessor-version":[{"id":1829,"href":"https:\/\/laureth-sulfate.com\/index.php\/wp-json\/wp\/v2\/pages\/899\/revisions\/1829"}],"wp:attachment":[{"href":"https:\/\/laureth-sulfate.com\/index.php\/wp-json\/wp\/v2\/media?parent=899"}],"curies":[{"name":"wp","href":"https:\/\/api.w.org\/{rel}","templated":true}]}}